{"id":41,"date":"2021-07-31T01:51:56","date_gmt":"2021-07-31T01:51:56","guid":{"rendered":"https:\/\/revistabrasileiradefisica.com\/rbf\/?page_id=41"},"modified":"2025-04-22T16:59:41","modified_gmt":"2025-04-22T19:59:41","slug":"instrucoes-para-publicacao","status":"publish","type":"page","link":"https:\/\/revistabrasileiradefisica.com\/rbf\/instrucoes-para-publicacao\/","title":{"rendered":"Instru\u00e7\u00f5es para publica\u00e7\u00e3o"},"content":{"rendered":"\r\n<p>Qualquer artigo submetido dentro dos objetivos da revista ser\u00e1 considerado para publica\u00e7\u00e3o, desde que <strong>n\u00e3o tenha sido publicado ou aceito para publica\u00e7\u00e3o em alguma outra revista<\/strong>. Ser\u00e3o aceitos manuscritos publicados no <a href=\"https:\/\/arxiv.org\/\" target=\"_blank\" rel=\"noopener\"><strong>ArXiv<\/strong><\/a>, desde que n\u00e3o tenham sido publicados em nenhum outro local, e que n\u00e3o tenham mais de 90 dias de publica\u00e7\u00e3o. Todos os artigos ser\u00e3o <strong>revisados por pares<\/strong>, sob a responsabilidade dos editores, atrav\u00e9s de an\u00e1lises detalhadas do texto, e verificando a presen\u00e7a de pl\u00e1gio, autopl\u00e1gio, ou uso de intelig\u00eancia artificial. Sendo constatado um destes 3 \u00faltimos, o(s) autor(es) ser\u00e3o suspensos, impedidos de submeterem seus trabalhos para este peri\u00f3dico num per\u00edodo de 1 ano.<\/p>\r\n\r\n\r\n\r\n<p>Todos os artigos <strong>dever\u00e3o <\/strong>ser submetidos no <strong>formato PDF<\/strong>, usando o <strong>estilo Vancouver<\/strong> <strong>e seguindo o modelo LaTex disponibilizado na p\u00e1gina de submiss\u00e3o<\/strong>. O arquivo PDF <strong>deve <\/strong>ser gerado via Overleaf. Voc\u00ea ainda pode enviar seu manuscrito (no estilo Vancouver) e utilizar o servi\u00e7o de transcri\u00e7\u00e3o para o LaTeX, onde um colaborador transfere seu manuscrito do seu arquivo para o modelo do peri\u00f3dico. Este servi\u00e7o \u00e9 gratuito para quem \u00e9 assinante do <a href=\"https:\/\/www.revistabrasileiradefisica.com\/clube\">Clube de F\u00edsica<\/a>, sendo a car\u00eancia, o n\u00famero de contribui\u00e7\u00f5es necess\u00e1rias para cobrir o servi\u00e7o (que para n\u00e3o assinantes custa R$ 20 + R$ 3 por p\u00e1gina) com acr\u00e9scimo de 25%.<\/p>\r\n\r\n<p>No ato da submiss\u00e3o do manuscrito, TODOS os campos com asterisco s\u00e3o obrigat\u00f3rios. A exce\u00e7\u00e3o \u00e9 o Lattes para estrangeiros. A aus\u00eancia de algum campo obrigat\u00f3rio implicar\u00e1 na rejei\u00e7\u00e3o sum\u00e1ria do manuscrito.<\/p>\r\n\r\n<p>A se&ccedil;&atilde;o de Agradecimentos, se utilizada, n&atilde;o poder&aacute; superar 300 caracteres. Na vers\u00e3o cegada, ela tamb\u00e9m deve estar cegada.<\/p>\r\n\r\n<!-- \/wp:paragraph -->\r\n\r\n<!-- wp:paragraph -->\r\n<p>Aceitam-se artigos em portugu\u00eas e ingl\u00eas. Al\u00e9m do t\u00edtulo, resumo e palavras-chave, na l\u00edngua de reda\u00e7\u00e3o do artigo, os autores devem registrar no texto do artigo as vers\u00f5es desses itens em portugu\u00eas ou ingl\u00eas, conforme o caso. Ou seja, os t\u00edtulos, resumos e palavras-chave <strong>devem ser bil\u00edngues<\/strong>. Sugere-se sempre, como idioma principal, o ingl\u00eas, a fim de aumentar o alcance dos trabalhos, especialmente com indexadores internacionais.<\/p>\r\n<!-- \/wp:paragraph -->\r\n\r\n<!-- wp:paragraph -->\r\n<p>Todos os artigos submetidos est\u00e3o sujeitos a uma verifica\u00e7\u00e3o inicial e a um processo de avalia\u00e7\u00e3o por pares. As submiss\u00f5es que n\u00e3o estiverem de acordo com as normas da revista, ou que contiverem ilustra\u00e7\u00f5es e texto de dif\u00edcil leitura ou reprodu\u00e7\u00e3o, ser\u00e3o devolvidas aos autores para as devidas corre\u00e7\u00f5es antes do processo de avalia\u00e7\u00e3o. <strong>N\u00e3o h\u00e1 nenhuma taxa para submiss\u00e3o ou publica\u00e7\u00e3o dos artigos<\/strong>.<\/p>\r\n<!-- \/wp:paragraph -->","protected":false},"excerpt":{"rendered":"<p>Qualquer artigo submetido dentro dos objetivos da revista ser\u00e1 considerado para publica\u00e7\u00e3o, desde que n\u00e3o tenha sido publicado ou aceito para publica\u00e7\u00e3o em alguma outra [&#8230;]<\/p>\n","protected":false},"author":1,"featured_media":0,"parent":0,"menu_order":0,"comment_status":"closed","ping_status":"closed","template":"templates\/template-sidebar-right.php","meta":{"_mi_skip_tracking":false,"_monsterinsights_sitenote_active":false,"_monsterinsights_sitenote_note":"","_monsterinsights_sitenote_category":0},"_links":{"self":[{"href":"https:\/\/revistabrasileiradefisica.com\/rbf\/wp-json\/wp\/v2\/pages\/41"}],"collection":[{"href":"https:\/\/revistabrasileiradefisica.com\/rbf\/wp-json\/wp\/v2\/pages"}],"about":[{"href":"https:\/\/revistabrasileiradefisica.com\/rbf\/wp-json\/wp\/v2\/types\/page"}],"author":[{"embeddable":true,"href":"https:\/\/revistabrasileiradefisica.com\/rbf\/wp-json\/wp\/v2\/users\/1"}],"replies":[{"embeddable":true,"href":"https:\/\/revistabrasileiradefisica.com\/rbf\/wp-json\/wp\/v2\/comments?post=41"}],"version-history":[{"count":14,"href":"https:\/\/revistabrasileiradefisica.com\/rbf\/wp-json\/wp\/v2\/pages\/41\/revisions"}],"predecessor-version":[{"id":929,"href":"https:\/\/revistabrasileiradefisica.com\/rbf\/wp-json\/wp\/v2\/pages\/41\/revisions\/929"}],"wp:attachment":[{"href":"https:\/\/revistabrasileiradefisica.com\/rbf\/wp-json\/wp\/v2\/media?parent=41"}],"curies":[{"name":"wp","href":"https:\/\/api.w.org\/{rel}","templated":true}]}}