{"id":39,"date":"2021-07-31T01:51:56","date_gmt":"2021-07-31T01:51:56","guid":{"rendered":"https:\/\/revistabrasileiradefisica.com\/rbf\/?page_id=39"},"modified":"2025-04-22T12:10:59","modified_gmt":"2025-04-22T15:10:59","slug":"submissao-de-manuscrito","status":"publish","type":"page","link":"https:\/\/revistabrasileiradefisica.com\/rbf\/submissao-de-manuscrito\/","title":{"rendered":"Submiss\u00e3o de manuscrito"},"content":{"rendered":"\r\n<p class=\"has-small-font-size\">Aceita-se artigos completos, resumos simples e expandidos. Antes de submeter seu trabalho, certifique-se de que ele atende os crit\u00e9rios estabelecidos <a href=\"https:\/\/revistabrasileiradefisica.com\/rbf\/instrucoes-para-publicacao\/\">nesta p\u00e1gina<\/a>.<\/p>\r\n\r\n\r\n\r\n<div class=\"wp-block-contact-form-7-contact-form-selector\" style=\"display: none;\">\r\n<p><a style=\"border: solid 1px #ccc; padding: 20px; background-color: lightblue; text-decoration: none; color: #000; border-radius: 4px; font-weight: bold; width: 100%; display: block; text-align: center;\" href=\"https:\/\/forms.gle\/qDHByeFs3wjzvKhp9\" target=\"_blank\" rel=\"noopener\">Clique aqui para acessar o formul\u00e1rio de submiss\u00e3o<\/a><\/p>\r\n<\/div>\r\n\r\n\r\n\r\n<p class=\"has-small-font-size\">Modelos: <a href=\"https:\/\/www.overleaf.com\/latex\/templates\/template-para-artigos-completos-v2-revista-brasileira-de-fisica\/tgndmfzfnzng\" target=\"_blank\" rel=\"noopener\">Artigo<\/a> &#8211; <a href=\"https:\/\/www.overleaf.com\/latex\/templates\/template-para-resumo-expandido-revista-brasileira-de-fisica\/qsgykqbsbwhg\" target=\"_blank\" rel=\"noopener\">Resumo expandido<\/a> &#8211; <a href=\"https:\/\/www.overleaf.com\/latex\/templates\/template-para-resumo-simples-revista-brasileira-de-fisica\/hhhvvqbrqtpx\" target=\"_blank\" rel=\"noopener\">Resumo simples<\/a><\/p>\r\n<p class=\"has-small-font-size\" style=\"font-size: 12px !important\">Voc\u00ea ainda pode enviar seu manuscrito (no estilo Vancouver) utilizando o servi\u00e7o de transcri\u00e7\u00e3o para o LaTeX, onde um colaborador transfere seu manuscrito do seu arquivo para o modelo do peri\u00f3dico. Este servi\u00e7o \u00e9 gratuito para quem \u00e9 assinante do <a href=\"https:\/\/www.revistabrasileiradefisica.com\/clube\">Clube de F\u00edsica<\/a>.<\/p>\r\n<p class=\"has-small-font-size\"><b>Para submeter seu manuscrito, preencha corretamente o formul\u00e1rio abaixo. Campos com * s\u00e3o obrigat\u00f3rios! Ao n\u00e3o preencher estes campos, seu manuscrito n\u00e3o ser\u00e1 considerado v\u00e1lido para avalia\u00e7\u00e3o. Se houver d\u00favidas quanto ao envio, entre em contato conosco atrav\u00e9s do e-mail <a href=\"mailto:contato@revistabrasileiradefisica.com\">contato@revistabrasileiradefisica.com<\/a>.<\/b><\/p>\r\n<p class=\"has-small-font-size\" style=\"font-size: 12px !important\">Seu manuscrito estar\u00e1 sob a <a href=\"https:\/\/creativecommons.org\/licenses\/by-nd\/4.0\/legalcode\" target=\"_blank\" rel=\"noopener\">Licen\u00e7a Creative Commons CC BY-ND 4.0<\/a>, que permite a redistribui\u00e7\u00e3o, comercial ou n\u00e3o, desde que o trabalho seja distribu\u00eddo inalterado e no seu todo, com cr\u00e9dito atribu\u00eddo a voc\u00ea, e autoriza a RBF a publicar gratuitamente no site www.revistabrasileiradefisica.com, a publicar gratuitamente no e-magazine disponibilizado no site, e publicar a vers\u00e3o para Kindle na loja da Amazon cuja renda \u00e9 revertida integralmente para cobrir os custos do peri\u00f3dico, sem pagamento de royalties. Ao submeter seu trabalho, voc\u00ea concorda com esta licen\u00e7a e estes termos. Esta licen\u00e7a n\u00e3o impede que voc\u00ea utilize seu trabalho como autor para suas pr\u00f3prias publica\u00e7\u00f5es e usos, e quando o fizer, n\u00e3o \u00e9 necess\u00e1rio que pague qualquer valor ao peri\u00f3dico.<\/p>\r\n<h2 style=\"text-align: center\">Formul\u00e1rio de envio de manuscrito<\/h2>\r\n<div id=\"formsubmi\"><script src=\"https:\/\/code.jquery.com\/jquery-3.6.0.min.js\"><\/script><br \/>\r\n<script>\r\n\t$(document).ready(function(){\r\n\t\t$('#listaautores').html(\"Carregando...\");\r\n\t\t$('#listaautores').load(\"\/rbf\/scripts\/odin\/rbf_autores_add.php\",{a: 'f9fc1ca615e0bb3b57313e3db6e1e39686e048d8f9ff6a35dcc81ffb6ddf4f57'});\r\n\t});\r\n<\/script>\r\n    <script>\r\n        function addAutor(){\r\n    \t\t$('#listaautores').html(\"Carregando...\");\r\n    \t\t$('#listaautores').load(\"\/rbf\/scripts\/odin\/rbf_autores_add.php\",{a: 'f9fc1ca615e0bb3b57313e3db6e1e39686e048d8f9ff6a35dcc81ffb6ddf4f57', nome: $('#nome').val(), email: $('#email').val(), afiliacao: $('#afiliacao').val(), lattes: $('#lattes').val(), orcid: $('#orcid').val(), redessociais: $('#redessociais').val()});\r\n                $('#nome').val('');\r\n                $('#afiliacao').val('');\r\n                $('#email').val('');\r\n                $('#lattes').val('');\r\n                $('#orcid').val('');\r\n                $('#redessociais').val('');\r\n        }\r\n        function delAutor(i){\r\n    \t\t$('#listaautores').html(\"Carregando...\");\r\n    \t\t$('#listaautores').load(\"\/rbf\/scripts\/odin\/rbf_autores_add.php\",{a: 'f9fc1ca615e0bb3b57313e3db6e1e39686e048d8f9ff6a35dcc81ffb6ddf4f57', i: i});\r\n        }\r\n    <\/script>\r\n<input type=\"hidden\" id=\"ir\" value=\"f9fc1ca615e0bb3b57313e3db6e1e39686e048d8f9ff6a35dcc81ffb6ddf4f57\">\r\n\r\n\r\n<div id=\"listaautores\"><\/div>\r\n\r\n<p>Informe aqui os autores deste manuscrito. Preencha os dados e clique em <b>Adicionar autor<\/b>. Repita o processo para cada autor deste trabalho.\r\n    <\/p>\r\n\r\n<p><label> Seu nome (voc\u00ea deve ser um dos autores) *<br \/>\r\n    <span class=\"wpcf7-form-control-wrap nome\"><input type=\"text\" name=\"nome\" value=\"\" size=\"40\" class=\"wpcf7-form-control wpcf7-text\" id=\"nome\" aria-invalid=\"false\" \/><\/span> <\/label><\/p>\r\n<p><label> Seu e-mail *<br \/>\r\n    <span class=\"wpcf7-form-control-wrap email\"><input type=\"email\" name=\"email\" value=\"\" size=\"40\" class=\"wpcf7-form-control wpcf7-text wpcf7-email wpcf7-validates-as-email\" id=\"email\" aria-invalid=\"false\" \/><\/span> <\/label><\/p>\r\n<p><label> Afilia\u00e7\u00e3o (institui\u00e7\u00e3o a que est\u00e1 vinculado)<br \/>\r\n    <span class=\"wpcf7-form-control-wrap lattes\"><input type=\"text\" name=\"afiliacao\" value=\"\" size=\"40\" class=\"wpcf7-form-control wpcf7-text\" id=\"afiliacao\" aria-invalid=\"false\" \/><\/span> <\/label><\/p>\r\n<p><label> Lattes (Link no formato http:\/\/lattes.cnpq.br\/0123456789) *<br \/>\r\n    <span class=\"wpcf7-form-control-wrap lattes\"><input type=\"text\" name=\"lattes\" value=\"\" size=\"40\" class=\"wpcf7-form-control wpcf7-text\" id=\"lattes\" aria-invalid=\"false\" \/><\/span> <\/label><\/p>\r\n<p><label> ORCID (Link no formato https:\/\/orcid.org\/0000-0000-0000-0000) *<br \/>\r\n    <span class=\"wpcf7-form-control-wrap orcid\"><input type=\"text\" name=\"orcid\" value=\"\" size=\"40\" class=\"wpcf7-form-control wpcf7-text\" id=\"orcid\" aria-invalid=\"false\" \/><\/span> <\/label><\/p>\r\n<p><label> Perfis em redes sociais<br \/>\r\n    <span class=\"wpcf7-form-control-wrap redessociais\"><input type=\"text\" name=\"redessociais\" value=\"\" size=\"40\" class=\"wpcf7-form-control wpcf7-text\" id=\"redessociais\" aria-invalid=\"false\"><\/span> <\/label><\/p>\r\n    * Lattes s\u00f3 \u00e9 opcional para autores estrangeiros. Para os demais, onde houver * \u00e9 obrigat\u00f3rio.\r\n<p><a href=\"javascript:addAutor();\" id=\"botaoEnviarAutor\" style=\"padding: 20px; color: #fff; background-color: #2a4861\">Adicionar autor<\/a>\r\n    <\/p>\r\n<br><hr><br>\r\n<h3>Sobre o manuscrito<\/h3>\r\n<p><label> T\u00edtulo do manuscrito *<br \/>\r\n    <span class=\"wpcf7-form-control-wrap titulo\"><input type=\"text\" name=\"titulo\" value=\"\" size=\"40\" class=\"wpcf7-form-control wpcf7-text\" id=\"titulo\" aria-invalid=\"false\" \/><\/span> <\/label><\/p>\r\n<p><label> Resumo *<br \/>\r\n    <span class=\"wpcf7-form-control-wrap resumo\"><textarea name=\"resumo\" cols=\"40\" rows=\"10\" class=\"wpcf7-form-control wpcf7-textarea\" id=\"resumo\" aria-invalid=\"false\"><\/textarea><\/span> <\/label><\/p>\r\n<p><label> Palavras-chave *<br \/>\r\n    <span class=\"wpcf7-form-control-wrap palavraschave\"><input type=\"text\" name=\"palavraschave\" value=\"\" size=\"40\" class=\"wpcf7-form-control wpcf7-text\" id=\"palavraschave\" aria-required=\"true\" aria-invalid=\"false\" \/><\/span> <\/label><\/p>\r\n<p><label> Tipo de trabalho *<br \/>\r\n    <span class=\"wpcf7-form-control-wrap tipodetrabalho\"><select name=\"tipodetrabalho\" class=\"wpcf7-form-control wpcf7-select\" id=\"tipodetrabalho\" aria-invalid=\"false\"><option value=\"1\">Artigo<\/option><option value=\"2\">Resumo expandido (para o Congresso Brasileiro de F\u00edsica)<\/option><option value=\"3\">Resumo simples (para o Congresso Brasileiro de F\u00edsica)<\/option><option value=\"4\">Editorial<\/option><\/select><\/span><\/label><\/p>\r\n<p><label> Arquivo PDF do manuscrito (com cegamento) *<br \/>\r\n    <span class=\"wpcf7-form-control-wrap arquivocegado\"><input type=\"file\" name=\"arquivocegado\" size=\"40\" class=\"wpcf7-form-control wpcf7-file\" id=\"arquivocegado\" accept=\".pdf\" aria-invalid=\"false\" \/><\/span> <\/label><\/p>\r\n<p><label> Arquivo LaTeX do manuscrito (sem cegamento) ou, se voc\u00ea n\u00e3o usou o modelo LaTeX do peri\u00f3dico, envie o arquivo PDF sem cegamento.<br \/>\r\n    <span class=\"wpcf7-form-control-wrap arquivolatex\"><input type=\"file\" name=\"arquivolatex\" size=\"40\" class=\"wpcf7-form-control wpcf7-file\" id=\"arquivolatex\" accept=\".zip, .pdf\" aria-invalid=\"false\" \/><\/span> <\/label><\/p>\r\n<p><label> Caso voc\u00ea n\u00e3o tenha enviado o arquivo LaTeX no padr\u00e3o do peri\u00f3dico, gostaria de contratar o servi\u00e7o de formata\u00e7\u00e3o ao custo de R$ 20 + R$ 3 por folha? Envios sem LaTeX e sem o aceite desta op\u00e7\u00e3o ser\u00e3o recusados por n\u00e3o usarem o modelo padr\u00e3o do peri\u00f3dico.*<br \/>\r\n    <span class=\"wpcf7-form-control-wrap servicolatex\"><select name=\"servicolatex\" class=\"wpcf7-form-control wpcf7-select\" id=\"servicolatex\" aria-invalid=\"false\"><option value=\"0\">N\u00e3o (neste caso, voc\u00ea precisa enviar o arquivo LaTeX para ser avaliado)<\/option><option value=\"1\">Sim, irei contratar<\/option><option value=\"2\">Sim, mas sou assinante do Clube de F\u00edsica (sou isento)<\/option><\/select><\/span> <\/label><\/p>\r\n<p><label> Voc\u00ea tem interesse em apresentar este trabalho no Congresso Brasileiro de F\u00edsica no formato de palestra (40 minutos ou mais)? *<br \/>\r\n    <span class=\"wpcf7-form-control-wrap apresentarpalestra\"><select name=\"apresentarpalestra\" class=\"wpcf7-form-control wpcf7-select\" id=\"apresentarpalestra\" aria-invalid=\"false\"><option value=\"0\">N\u00e3o<\/option><option value=\"1\">Sim<\/option><\/select><\/span><\/label><\/p>\r\n<p><label> Voc\u00ea tem interesse em apresentar este trabalho no Congresso Brasileiro de F\u00edsica no formato de apresenta\u00e7\u00e3o de resumo (entre 10 e 15 minutos)? *<br \/>\r\n    <span class=\"wpcf7-form-control-wrap apresentarresumo\"><select name=\"apresentarresumo\" class=\"wpcf7-form-control wpcf7-select\" id=\"apresentarresumo\" aria-invalid=\"false\"><option value=\"0\">N\u00e3o<\/option><option value=\"1\">Sim<\/option><\/select><\/span> <\/label><\/p>\r\n\r\n<a href=\"javascript:;\" id=\"botaoEnviar\" style=\"padding: 20px; color: #fff; background-color: #2a4861\">Enviar manuscrito!<\/a>\r\n<script src=\"https:\/\/code.jquery.com\/jquery-3.6.0.min.js\"><\/script>\r\n<script type=\"text\/javascript\">\r\n$(document).ready(function () {\r\n    $(\"#botaoEnviar\").on(\"click\", function () {\r\n        var formData = new FormData();\r\n        var arquivo1 = $(\"#arquivocegado\")[0].files[0];\r\n        formData.append(\"arquivocegado\", arquivo1);\r\n        var arquivo2 = $(\"#arquivolatex\")[0].files[0];\r\n        formData.append(\"arquivolatex\", arquivo2);\r\n        \/\/ Adiciona os valores dos campos input\r\n        formData.append(\"a\", $(\"#ir\").val());\r\n        formData.append(\"nome\", $(\"#nome\").val());\r\n        formData.append(\"email\", $(\"#email\").val());\r\n        formData.append(\"lattes\", $(\"#lattes\").val());\r\n        formData.append(\"orcid\", $(\"#orcid\").val());\r\n        formData.append(\"coautores\", $(\"#coautores\").val());\r\n        formData.append(\"titulo\", $(\"#titulo\").val());\r\n        formData.append(\"resumo\", $(\"#resumo\").val());\r\n        formData.append(\"palavraschave\", $(\"#palavraschave\").val());\r\n        formData.append(\"tipodetrabalho\", $(\"#tipodetrabalho\").val());\r\n        formData.append(\"servicolatex\", $(\"#servicolatex\").val());\r\n        formData.append(\"redessociais\", $(\"#redessociais\").val());\r\n        formData.append(\"apresentarpalestra\", $(\"#apresentarpalestra\").val());\r\n        formData.append(\"apresentarresumo\", $(\"#apresentarresumo\").val());\r\n        \/\/ Envia o arquivo via AJAX\r\n        $.ajax({\r\n            url: \"\/rbf\/scripts\/odin\/enviarManuscrito.php\", \/\/ URL do script PHP\r\n            type: \"POST\",\r\n            data: formData,\r\n            contentType: false, \/\/ Necess\u00e1rio para enviar arquivos\r\n            processData: false, \/\/ Necess\u00e1rio para evitar o processamento autom\u00e1tico\r\n            beforeSend: function() {\r\n                $(\"#divSalvaCadastro\").html('Enviando! Aguarde.');\r\n                setInterval(function () { $(\"#divSalvaCadastro\").innerHTML += \".\" }, 2000);\r\n            },\r\n            success: function (response) {\r\n                $(\"#divSalvaCadastro\").html(response); \/\/ Exibe a resposta do servidor\r\n            },\r\n            error: function () {\r\n                $(\"#divSalvaCadastro\").html(\"Ocorreu um erro ao enviar seu manuscrito! Verifique se voc\u00ea preencheu os campos corretamente. Se est\u00e1 tudo correto, entre em contato conosco atrav\u00e9s do e-mail contato@revistabrasileiradefisica.com\");\r\n            }\r\n        });\r\n    });\r\n});\r\n<\/script>\r\n<br><br>\r\n<div id=\"divSalvaCadastro\"><\/div><\/div>\r\n\r\n<style type=\"text\/css\">\r\n<!--\r\n#formsubmi label {\r\n   font-size: 15px !important;\r\n}\r\n-->\r\n<\/style>","protected":false},"excerpt":{"rendered":"<p>Aceita-se artigos completos, resumos simples e expandidos. Antes de submeter seu trabalho, certifique-se de que ele atende os crit\u00e9rios estabelecidos nesta p\u00e1gina. Modelos: Artigo &#8211; [&#8230;]<\/p>\n","protected":false},"author":1,"featured_media":0,"parent":0,"menu_order":0,"comment_status":"closed","ping_status":"closed","template":"templates\/template-sidebar-right.php","meta":{"_mi_skip_tracking":false,"_monsterinsights_sitenote_active":false,"_monsterinsights_sitenote_note":"","_monsterinsights_sitenote_category":0},"_links":{"self":[{"href":"https:\/\/revistabrasileiradefisica.com\/rbf\/wp-json\/wp\/v2\/pages\/39"}],"collection":[{"href":"https:\/\/revistabrasileiradefisica.com\/rbf\/wp-json\/wp\/v2\/pages"}],"about":[{"href":"https:\/\/revistabrasileiradefisica.com\/rbf\/wp-json\/wp\/v2\/types\/page"}],"author":[{"embeddable":true,"href":"https:\/\/revistabrasileiradefisica.com\/rbf\/wp-json\/wp\/v2\/users\/1"}],"replies":[{"embeddable":true,"href":"https:\/\/revistabrasileiradefisica.com\/rbf\/wp-json\/wp\/v2\/comments?post=39"}],"version-history":[{"count":21,"href":"https:\/\/revistabrasileiradefisica.com\/rbf\/wp-json\/wp\/v2\/pages\/39\/revisions"}],"predecessor-version":[{"id":1530,"href":"https:\/\/revistabrasileiradefisica.com\/rbf\/wp-json\/wp\/v2\/pages\/39\/revisions\/1530"}],"wp:attachment":[{"href":"https:\/\/revistabrasileiradefisica.com\/rbf\/wp-json\/wp\/v2\/media?parent=39"}],"curies":[{"name":"wp","href":"https:\/\/api.w.org\/{rel}","templated":true}]}}