{"id":28,"date":"2021-07-31T00:49:22","date_gmt":"2021-07-31T00:49:22","guid":{"rendered":"https:\/\/revistabrasileiradefisica.com\/rbf\/about\/"},"modified":"2026-01-14T10:50:27","modified_gmt":"2026-01-14T13:50:27","slug":"sobre","status":"publish","type":"page","link":"https:\/\/revistabrasileiradefisica.com\/rbf\/sobre\/","title":{"rendered":"Sobre o peri\u00f3dico"},"content":{"rendered":"\r\n<p class=\"has-small-font-size\">A <strong>Revista Brasileira de F\u00edsica<\/strong> \u00e9 uma publica\u00e7\u00e3o de <strong><em>fluxo cont\u00ednuo<\/em><\/strong>, com <em>periodicidade <\/em><strong><em>quadrimestral<\/em><\/strong>, que visa publicar trabalhos de pesquisadores, alunos de gradua\u00e7\u00e3o e p\u00f3s-gradua\u00e7\u00e3o, e professores de f\u00edsica, nos <strong><em>idiomas <\/em><\/strong>portugu\u00eas ou ingl\u00eas, al\u00e9m de organizar o <a rel=\"noreferrer noopener\" href=\"https:\/\/www.congressobrasileirodefisica.com\" target=\"_blank\"><strong>Congresso Brasileiro de F\u00edsica<\/strong><\/a>. <\/p>\r\n<p class=\"has-small-font-size\">O peri\u00f3dico nasceu meses depois do congresso, em 2021, na pandemia de COVID-19. Ambos foram criados com o objetivo de oportunizar a estudantes de gradua\u00e7\u00e3o acesso a um espa\u00e7o onde pudessem, n\u00e3o apenas participar como ouvintes em um grande evento relacionado \u00e0 F\u00edsica, mas tamb\u00e9m contribuir ativamente como autores de resumos e, porque n\u00e3o, palestrantes, falando sobre suas experi\u00eancias em grupos de pesquisa, inicia\u00e7\u00e3o cient\u00edfica, mostrando \u00e0 outros estudantes estas possibilidades e como funcionam. Hoje a <strong>Revista Brasileira de F\u00edsica<\/strong> \u00e9 mantida por um corpo editorial misto, com um f\u00edsico respons\u00e1vel, e os demais, estudantes, professores, graduandos, mestres e doutores. Mas ela foi fundada em 2021 por um ent\u00e3o estudante de f\u00edsica, para estudantes de f\u00edsica. Tanto a revista quanto o congresso s\u00e3o abertos, gratuitos, mantidos por colaboradores volunt\u00e1rios e doadores, e assim se manter\u00e1.<\/p>\r\n\r\n\r\n\r\n<h3 class=\"wp-block-heading\">Periodicidade<\/h3>\r\n\r\n\r\n\r\n<p class=\"has-small-font-size\">Esta \u00e9 uma publica\u00e7\u00e3o de fluxo cont\u00ednuo, quadrimestral, produzindo 3 edi\u00e7\u00f5es por ano reunidas em volumes. A primeira edi\u00e7\u00e3o \u00e9 aberta em janeiro, a segunda em maio, e a terceira em setembro.<\/p>\r\n\r\n\r\n\r\n<h3 class=\"wp-block-heading\">Declara\u00e7\u00e3o de \u00c9tica e boas pr\u00e1ticas de publica\u00e7\u00e3o<\/h3>\r\n\r\n\r\n\r\n<p class=\"has-small-font-size\">Clique <a href=\"https:\/\/revistabrasileiradefisica.com\/rbf\/declaracao-de-etica-e-boas-praticas-de-publicacao\/\">aqui<\/a> para ler.<\/p>\r\n\r\n\r\n\r\n<h3 class=\"wp-block-heading\">Idioma<\/h3>\r\n\r\n\r\n\r\n<p class=\"has-small-font-size\">Ser\u00e3o aceitos manuscritos escritos em portugu\u00eas, ingl\u00eas ou espanhol.<\/p>\r\n\r\n\r\n\r\n<h3 class=\"wp-block-heading\">Acesso aberto<\/h3>\r\n\r\n\r\n\r\n<p class=\"has-small-font-size\">A <strong>Revista Brasileira de F\u00edsica<\/strong> \u00e9 publicada sob o modelo Acesso Aberto e permite a qualquer um a leitura, download, c\u00f3pia e dissemina\u00e7\u00e3o de seu conte\u00fado de acordo com a licen\u00e7a <em>Creative Commons<\/em> adotada. N\u00e3o s\u00e3o cobradas taxas de assinatura, submiss\u00e3o, avalia\u00e7\u00e3o, edi\u00e7\u00e3o ou publica\u00e7\u00e3o.<\/p>\r\n\r\n\r\n\r\n<h3 class=\"wp-block-heading\">Propriedade intelectual<\/h3>\r\n\r\n\r\n\r\n<p class=\"has-small-font-size\">Todo o conte\u00fado do peri\u00f3dico, exceto onde est\u00e1 identificado, est\u00e1 licenciado sob uma Licen\u00e7a <em>Creative Commons<\/em> do tipo atribui\u00e7\u00e3o BY-ND, que permite a redistribui\u00e7\u00e3o, comercial ou n\u00e3o, desde que o trabalho seja distribu\u00eddo inalterado e no seu todo, com cr\u00e9dito atribu\u00eddo a voc\u00ea, e autoriza a RBF a publicar gratuitamente no site www.revistabrasileiradefisica.com, a publicar gratuitamente no e-magazine disponibilizado no site, e publicar a vers\u00e3o para Kindle na loja da Amazon cuja renda \u00e9 revertida integralmente para cobrir os custos do peri\u00f3dico, sem pagamento de royalties. Ao submeter seu trabalho, voc\u00ea concorda com esta licen\u00e7a e estes termos. Esta licen\u00e7a n\u00e3o impede que voc\u00ea utilize seu trabalho como autor para suas pr\u00f3prias publica\u00e7\u00f5es e usos, e quando o fizer, n\u00e3o \u00e9 necess\u00e1rio que pague qualquer valor ao peri\u00f3dico.<\/p>\r\n\r\n\r\n\r\n<h3 class=\"wp-block-heading\">Revis\u00e3o por pares<\/h3>\r\n\r\n\r\n\r\n<p class=\"has-small-font-size\">A revis\u00e3o dos manuscritos \u00e9 feita por pares, no formato duplo-cego, sob a supervis\u00e3o da pessoa do corpo editorial respons\u00e1vel por esta submiss\u00e3o espec\u00edfica. Cada submiss\u00e3o ser\u00e1 revisada por, pelo menos, duas pessoas.<\/p>\r\n\r\n\r\n\r\n<p class=\"has-small-font-size\"><strong>Fluxo<\/strong><br>Ao receber o manuscrito, este ser\u00e1 atribu\u00eddo a algu\u00e9m do corpo editorial, que ir\u00e1 acompanhar o processo de revis\u00e3o. Esta pessoa ir\u00e1 averiguar se a submiss\u00e3o atende aos crit\u00e9rios estabelecidos na p\u00e1gina <a href=\"https:\/\/revistabrasileiradefisica.com\/rbf\/instrucoes-para-publicacao\/\" data-type=\"page\" data-id=\"41\">Instru\u00e7\u00f5es para publica\u00e7\u00e3o<\/a>, se possui pl\u00e1gio, autopl\u00e1gio, ou se foi produzido com ou por intelig\u00eancia artificial. Se houver algum problema, devolver\u00e1 o manuscrito ao autor, indicando o que deve ser corrigido para uma nova submiss\u00e3o. Se n\u00e3o houver problemas, o respons\u00e1vel pela submiss\u00e3o ir\u00e1 realizar o cegamento dos dados e enviar\u00e1 o trabalho \u00e0 dois revisores com qualifica\u00e7\u00f5es para tal tarefa. O manuscrito s\u00f3 ser\u00e1 enviado a partir do momento em que houver o aceite dos dois revisores. Feito isto, ambos ter\u00e3o 5 dias para enviarem seus pareceres, com coment\u00e1rios, informa\u00e7\u00f5es de relev\u00e2ncia, d\u00favidas, e se aprovam ou n\u00e3o o manuscrito. Os autores receber\u00e3o os pareceres e, se necess\u00e1rio, ter\u00e3o 20 dias para reenviar o manuscrito com as devidas corre\u00e7\u00f5es. Os mesmos revisores ir\u00e3o reavaliar o trabalho. no prazo de 5 dias, quando ser\u00e1 informado ao editor respons\u00e1vel o parecer dado, que submeter\u00e1 \u00e0 Editora Chefe, com seu pr\u00f3prio parecer sobre a aceita\u00e7\u00e3o ou n\u00e3o do manuscrito, para que esta aprove ou n\u00e3o a publica\u00e7\u00e3o. Aprovando, o manuscrito ser\u00e1 submetido \u00e0 editora\u00e7\u00e3o para adequa\u00e7\u00e3o ao layout do peri\u00f3dico, onde receber\u00e1 um c\u00f3digo \u00fanico e o DOI. Estes dados ser\u00e3o enviados ao autor para que insira, junto com o cabe\u00e7alho da revista, em um novo arquivo PDF de seu manuscrito. O autor tem 2 dias para o reenvio do arquivo, que ser\u00e1 enviado para editora\u00e7\u00e3o para que publique o manuscrito imediatamente.<\/p>\r\n\r\n\r\n\r\n<p class=\"has-small-font-size\"><strong>Avalia\u00e7\u00e3o cega<\/strong><br>Para assegurar a integridade da avalia\u00e7\u00e3o, o editor respons\u00e1vel pelo processo de revis\u00e3o do manuscrito revisar\u00e1 o texto para realizar o cegamento dos dados, ocultando qualquer informa\u00e7\u00e3o que leve \u00e0 quebra de imparcialidade por parte do revisor. Ap\u00f3s este procedimento ser\u00e1 gerado um novo arquivo, para n\u00e3o perpetuar as informa\u00e7\u00f5es pessoais do autor atrav\u00e9s do MIME type do arquivo. Tanto revisores quanto autores sempre se reportar\u00e3o ao editor, nunca diretamente entre si.<\/p>\r\n\r\n\r\n\r\n<h3 class=\"wp-block-heading\">Corpo editorial<\/h3>\r\n\r\n\r\n\r\n<p class=\"has-small-font-size\"><strong>Editor Geral<\/strong><br><em>Tiago Cardoso Floriano<\/em><\/p>\r\n\r\n\r\n\r\n<p class=\"has-small-font-size\"><strong>Editora Adjunta<\/strong><br><em>Fernanda Motta<\/em><\/p>\r\n\r\n\r\n\r\n<p class=\"has-small-font-size\"><strong>Editor Associado<\/strong><br><em>Pedro Lucas Costa Andrade<\/em><\/p>\r\n\r\n\r\n\r\n<p class=\"has-small-font-size\"><strong>Corpo Editorial Cient\u00edfico<\/strong><br><em>Edclesia Demedes da Silva<br>Pedro Lucas Costa Andrade<br>Tiago Cardoso Floriano<\/em><\/p>\r\n\r\n\r\n\r\n<p class=\"has-small-font-size\"><strong>Contato de apoio<\/strong><br><em>Revista Brasileira de F\u00edsica<\/em><br><em>contato@revistabrasileiradefisica.com<\/em><\/p>\r\n\r\n\r\n\r\n<h3 class=\"wp-block-heading\"><strong>Avaliador\/revisor<\/strong><\/h3>\r\n\r\n\r\n\r\n<p class=\"has-small-font-size\">Envie seu Lattes para <a href=\"mailto:contato@revistabrasileiradefisica.com\">contato@revistabrasileiradefisica.com<\/a>. \u00c9 uma atividade volunt\u00e1ria. Receber\u00e3o um certificado do peri\u00f3dico como participou como avaliador e revisor, para cada manuscrito avaliado.<\/p>\r\n","protected":false},"excerpt":{"rendered":"<p>A Revista Brasileira de F\u00edsica \u00e9 uma publica\u00e7\u00e3o de fluxo cont\u00ednuo, com periodicidade quadrimestral, que visa publicar trabalhos de pesquisadores, alunos de gradua\u00e7\u00e3o e p\u00f3s-gradua\u00e7\u00e3o, [&#8230;]<\/p>\n","protected":false},"author":1,"featured_media":0,"parent":0,"menu_order":0,"comment_status":"closed","ping_status":"closed","template":"templates\/template-sidebar-right.php","meta":{"_mi_skip_tracking":false,"_monsterinsights_sitenote_active":false,"_monsterinsights_sitenote_note":"","_monsterinsights_sitenote_category":0},"_links":{"self":[{"href":"https:\/\/revistabrasileiradefisica.com\/rbf\/wp-json\/wp\/v2\/pages\/28"}],"collection":[{"href":"https:\/\/revistabrasileiradefisica.com\/rbf\/wp-json\/wp\/v2\/pages"}],"about":[{"href":"https:\/\/revistabrasileiradefisica.com\/rbf\/wp-json\/wp\/v2\/types\/page"}],"author":[{"embeddable":true,"href":"https:\/\/revistabrasileiradefisica.com\/rbf\/wp-json\/wp\/v2\/users\/1"}],"replies":[{"embeddable":true,"href":"https:\/\/revistabrasileiradefisica.com\/rbf\/wp-json\/wp\/v2\/comments?post=28"}],"version-history":[{"count":23,"href":"https:\/\/revistabrasileiradefisica.com\/rbf\/wp-json\/wp\/v2\/pages\/28\/revisions"}],"predecessor-version":[{"id":1623,"href":"https:\/\/revistabrasileiradefisica.com\/rbf\/wp-json\/wp\/v2\/pages\/28\/revisions\/1623"}],"wp:attachment":[{"href":"https:\/\/revistabrasileiradefisica.com\/rbf\/wp-json\/wp\/v2\/media?parent=28"}],"curies":[{"name":"wp","href":"https:\/\/api.w.org\/{rel}","templated":true}]}}