{"id":210,"date":"2021-10-19T15:44:28","date_gmt":"2021-10-19T18:44:28","guid":{"rendered":"https:\/\/revistabrasileiradefisica.com\/rbf\/?page_id=210"},"modified":"2026-01-29T16:48:29","modified_gmt":"2026-01-29T19:48:29","slug":"congresso","status":"publish","type":"page","link":"https:\/\/revistabrasileiradefisica.com\/rbf\/congresso\/","title":{"rendered":"Congresso Brasileiro de F\u00edsica"},"content":{"rendered":"\r\n<ul>\r\n<li><a href=\"https:\/\/revistabrasileiradefisica.com\/rbf\/congresso\/v\/\"><strong>V Congresso Brasileiro de F\u00edsica<\/strong><\/a><\/li>\r\n<li><a href=\"https:\/\/revistabrasileiradefisica.com\/rbf\/congresso\/iv\/\"><strong>IV Congresso Brasileiro de F\u00edsica<\/strong><\/a> (2025)<\/li>\r\n<li><a href=\"https:\/\/revistabrasileiradefisica.com\/rbf\/congresso\/iii\/\"><strong>III Congresso Brasileiro de F\u00edsica<\/strong><\/a> (2023)<\/li>\r\n<li><a href=\"https:\/\/revistabrasileiradefisica.com\/rbf\/congresso\/ii\/\"><strong>II Congresso Brasileiro de F\u00edsica<\/strong><\/a> (2022)<\/li>\r\n<li><strong><a href=\"https:\/\/revistabrasileiradefisica.com\/rbf\/congresso\/i\/\" data-type=\"page\" data-id=\"213\">I Congresso Brasileiro de F\u00edsica<\/a><\/strong> (2021)<\/li>\r\n<\/ul>\r\n","protected":false},"excerpt":{"rendered":"<p>V Congresso Brasileiro de F\u00edsica IV Congresso Brasileiro de F\u00edsica (2025) III Congresso Brasileiro de F\u00edsica (2023) II Congresso Brasileiro de F\u00edsica (2022) I Congresso [&#8230;]<\/p>\n","protected":false},"author":1,"featured_media":0,"parent":0,"menu_order":0,"comment_status":"closed","ping_status":"closed","template":"","meta":{"_mi_skip_tracking":false,"_monsterinsights_sitenote_active":false,"_monsterinsights_sitenote_note":"","_monsterinsights_sitenote_category":0},"_links":{"self":[{"href":"https:\/\/revistabrasileiradefisica.com\/rbf\/wp-json\/wp\/v2\/pages\/210"}],"collection":[{"href":"https:\/\/revistabrasileiradefisica.com\/rbf\/wp-json\/wp\/v2\/pages"}],"about":[{"href":"https:\/\/revistabrasileiradefisica.com\/rbf\/wp-json\/wp\/v2\/types\/page"}],"author":[{"embeddable":true,"href":"https:\/\/revistabrasileiradefisica.com\/rbf\/wp-json\/wp\/v2\/users\/1"}],"replies":[{"embeddable":true,"href":"https:\/\/revistabrasileiradefisica.com\/rbf\/wp-json\/wp\/v2\/comments?post=210"}],"version-history":[{"count":10,"href":"https:\/\/revistabrasileiradefisica.com\/rbf\/wp-json\/wp\/v2\/pages\/210\/revisions"}],"predecessor-version":[{"id":1629,"href":"https:\/\/revistabrasileiradefisica.com\/rbf\/wp-json\/wp\/v2\/pages\/210\/revisions\/1629"}],"wp:attachment":[{"href":"https:\/\/revistabrasileiradefisica.com\/rbf\/wp-json\/wp\/v2\/media?parent=210"}],"curies":[{"name":"wp","href":"https:\/\/api.w.org\/{rel}","templated":true}]}}