{"id":185,"date":"2021-08-18T13:44:21","date_gmt":"2021-08-18T16:44:21","guid":{"rendered":"https:\/\/revistabrasileiradefisica.com\/rbf\/?page_id=185"},"modified":"2021-08-18T13:46:19","modified_gmt":"2021-08-18T16:46:19","slug":"revisor","status":"publish","type":"page","link":"https:\/\/revistabrasileiradefisica.com\/rbf\/revisor\/","title":{"rendered":"Candidatar-se \u00e0 revisor"},"content":{"rendered":"\n<p class=\"has-small-font-size\">A atividade de revisor \u00e9 crucial em qualquer peri\u00f3dico. Gra\u00e7as ao revisor que \u00e9 poss\u00edvel realizar o processo de avalia\u00e7\u00e3o por pares, onde o revisor d\u00e1 seu parecer a respeito do manuscrito, dizendo se est\u00e1 apto ou n\u00e3o \u00e0 publica\u00e7\u00e3o. Esta \u00e9 uma atividade volunt\u00e1ria em nosso peri\u00f3dico, bem como todas as outras, visto que n\u00e3o auferimos lucro. Todavia, para cada manuscrito avaliado, emitiremos um certificado para comprovar que voc\u00ea realizou esta atividade conosco. <\/p>\n\n\n\n<p class=\"has-small-font-size\">Para candidatar-se, basta preencher e submeter o formul\u00e1rio abaixo.<\/p>\n\n\n\n<div class=\"wp-block-contact-form-7-contact-form-selector\"><div role=\"form\" class=\"wpcf7\" id=\"wpcf7-f184-o1\" lang=\"pt-PT\" dir=\"ltr\">\n<div class=\"screen-reader-response\"><p role=\"status\" aria-live=\"polite\" aria-atomic=\"true\"><\/p> <ul><\/ul><\/div>\n<form action=\"\/rbf\/wp-json\/wp\/v2\/pages\/185#wpcf7-f184-o1\" method=\"post\" class=\"wpcf7-form init\" novalidate=\"novalidate\" data-status=\"init\">\n<div style=\"display: none;\">\n<input type=\"hidden\" name=\"_wpcf7\" value=\"184\" \/>\n<input type=\"hidden\" name=\"_wpcf7_version\" value=\"5.5.6.1\" \/>\n<input type=\"hidden\" name=\"_wpcf7_locale\" value=\"pt_PT\" \/>\n<input type=\"hidden\" name=\"_wpcf7_unit_tag\" value=\"wpcf7-f184-o1\" \/>\n<input type=\"hidden\" name=\"_wpcf7_container_post\" value=\"0\" \/>\n<input type=\"hidden\" name=\"_wpcf7_posted_data_hash\" value=\"\" \/>\n<\/div>\n<p><label> Nome completo<br \/><span class=\"wpcf7-form-control-wrap nome\"><input type=\"text\" id=\"nome\" value=\"\" size=\"40\" class=\"wpcf7-form-control wpcf7-text wpcf7-validates-as-required\" aria-required=\"true\" aria-invalid=\"false\" \/><\/span> <\/label><\/p>\n<p><label> E-mail<br \/><span class=\"wpcf7-form-control-wrap email\"><input type=\"email\" id=\"email\" value=\"\" size=\"40\" class=\"wpcf7-form-control wpcf7-text wpcf7-email wpcf7-validates-as-required wpcf7-validates-as-email\" aria-required=\"true\" aria-invalid=\"false\" \/><\/span> <\/label><\/p>\n<p><label> Telefone<br \/><span class=\"wpcf7-form-control-wrap telefone\"><input type=\"text\" id=\"telefone\" value=\"\" size=\"40\" class=\"wpcf7-form-control wpcf7-text wpcf7-validates-as-required\" aria-required=\"true\" aria-invalid=\"false\" \/><\/span> <\/label><\/p>\n<p><label> Link p\u00fablico para o Lattes<br \/><span class=\"wpcf7-form-control-wrap lattes\"><input type=\"text\" id=\"lattes\" value=\"\" size=\"40\" class=\"wpcf7-form-control wpcf7-text wpcf7-validates-as-required\" aria-required=\"true\" aria-invalid=\"false\" \/><\/span> <\/label><\/p>\n<p><label> Apresente-se<br \/><span class=\"wpcf7-form-control-wrap apresentacao\"><textarea id=\"apresentacao\" cols=\"40\" rows=\"10\" class=\"wpcf7-form-control wpcf7-textarea\" aria-invalid=\"false\"><\/textarea><\/span> <\/label><\/p>\n<p><label> Escreva aqui quais temas voc\u00ea tem maior aptid\u00e3o para revisar<br \/><span class=\"wpcf7-form-control-wrap temas\"><textarea id=\"temas\" cols=\"40\" rows=\"10\" class=\"wpcf7-form-control wpcf7-textarea\" aria-invalid=\"false\"><\/textarea><\/span> <\/label><\/p>\n<p><label> Al\u00e9m dos manuscritos da revista, desejo avaliar tamb\u00e9m os resumos submetidos ao Congresso Brasileiro de F\u00edsica<br \/><span class=\"wpcf7-form-control-wrap congresso\"><select id=\"congresso\" class=\"wpcf7-form-control wpcf7-select wpcf7-validates-as-required\" aria-required=\"true\" aria-invalid=\"false\"><option value=\"1\">Sim<\/option><option value=\"0\">N\u00e3o<\/option><\/select><\/span><br \/><\/label><\/p>\n<p><a href=\"javascript:;\" onclick=\"salvaCadPar()\" style=\"padding: 20px; color: #fff; background-color: #2a4861\">Salvar cadastro!<\/a><br \/>\n<script src=\"https:\/\/code.jquery.com\/jquery-3.6.0.min.js\"><\/script><br \/>\n<script type=\"text\/javascript\">\nfunction salvaCadPar(){\n    var nome = $('#nome').val();\n    var email = $('#email').val();\n    var telefone = $('#telefone').val();\n    var lattes = $('#lattes').val();\n    var apresentacao = $('#apresentacao').val();\n    var temas = $('#temas').val();\n    var congresso = $('#congresso').val();\n    $('#divSalvaCadastro').html('Carregando...'); \n    $('#divSalvaCadastro').load('\/rbf\/scripts\/odin\/cadParecerista.php',{nome:nome, email:email, telefone:telefone, lattes:lattes, apresentacao:apresentacao, temas:temas, congresso:congresso});\n}\n<\/script><\/p>\n<div id=\"divSalvaCadastro\"><\/div>\n<div class=\"wpcf7-response-output\" aria-hidden=\"true\"><\/div><\/form><\/div><\/div>\n","protected":false},"excerpt":{"rendered":"<p>A atividade de revisor \u00e9 crucial em qualquer peri\u00f3dico. Gra\u00e7as ao revisor que \u00e9 poss\u00edvel realizar o processo de avalia\u00e7\u00e3o por pares, onde o revisor [&#8230;]<\/p>\n","protected":false},"author":1,"featured_media":0,"parent":0,"menu_order":0,"comment_status":"closed","ping_status":"closed","template":"templates\/template-sidebar-right.php","meta":{"_mi_skip_tracking":false,"_monsterinsights_sitenote_active":false,"_monsterinsights_sitenote_note":"","_monsterinsights_sitenote_category":0},"_links":{"self":[{"href":"https:\/\/revistabrasileiradefisica.com\/rbf\/wp-json\/wp\/v2\/pages\/185"}],"collection":[{"href":"https:\/\/revistabrasileiradefisica.com\/rbf\/wp-json\/wp\/v2\/pages"}],"about":[{"href":"https:\/\/revistabrasileiradefisica.com\/rbf\/wp-json\/wp\/v2\/types\/page"}],"author":[{"embeddable":true,"href":"https:\/\/revistabrasileiradefisica.com\/rbf\/wp-json\/wp\/v2\/users\/1"}],"replies":[{"embeddable":true,"href":"https:\/\/revistabrasileiradefisica.com\/rbf\/wp-json\/wp\/v2\/comments?post=185"}],"version-history":[{"count":1,"href":"https:\/\/revistabrasileiradefisica.com\/rbf\/wp-json\/wp\/v2\/pages\/185\/revisions"}],"predecessor-version":[{"id":186,"href":"https:\/\/revistabrasileiradefisica.com\/rbf\/wp-json\/wp\/v2\/pages\/185\/revisions\/186"}],"wp:attachment":[{"href":"https:\/\/revistabrasileiradefisica.com\/rbf\/wp-json\/wp\/v2\/media?parent=185"}],"curies":[{"name":"wp","href":"https:\/\/api.w.org\/{rel}","templated":true}]}}