{"id":1717,"date":"2026-03-09T14:38:04","date_gmt":"2026-03-09T17:38:04","guid":{"rendered":"https:\/\/revistabrasileiradefisica.com\/rbf\/?page_id=1717"},"modified":"2026-03-09T14:49:31","modified_gmt":"2026-03-09T17:49:31","slug":"projeto-sementes-da-ciencia","status":"publish","type":"page","link":"https:\/\/revistabrasileiradefisica.com\/rbf\/apoio\/projeto-sementes-da-ciencia\/","title":{"rendered":"Apoie o Pr\u00eamio Sementes da Ci\u00eancia"},"content":{"rendered":"<p><script src=\"https:\/\/code.jquery.com\/jquery-3.7.1.js\" integrity=\"sha256-eKhayi8LEQwp4NKxN+CfCh+3qOVUtJn3QNZ0TciWLP4=\" crossorigin=\"anonymous\"><\/script><\/p>\n<div style=\"width: 250px; float: right\"><img decoding=\"async\" loading=\"lazy\" src=\"https:\/\/revistabrasileiradefisica.com\/rbf\/wp-content\/uploads\/2026\/03\/Design-sem-nome-1-240x300.png\" alt=\"\" width=\"240\" height=\"300\" class=\"alignnone size-medium wp-image-1719\" srcset=\"https:\/\/revistabrasileiradefisica.com\/rbf\/wp-content\/uploads\/2026\/03\/Design-sem-nome-1-240x300.png 240w, https:\/\/revistabrasileiradefisica.com\/rbf\/wp-content\/uploads\/2026\/03\/Design-sem-nome-1.png 300w\" sizes=\"(max-width: 240px) 100vw, 240px\" \/><\/div>\n<p>O Projeto <a href=\"https:\/\/revistabrasileiradefisica.com\/rbf\/premio-sementes-da-ciencia\/\">Pr\u00eamio Sementes da Ci\u00eancia<\/a> tem como objetivo incentivar estudantes de escolas p\u00fablicas do ensino fundamental e m\u00e9dio a se interessarem pela ci\u00eancia, especialmente pela F\u00edsica, al\u00e9m de estimular as escolas a promoverem feiras e mostras cient\u00edficas.<\/p>\n<p>A participa\u00e7\u00e3o \u00e9 totalmente gratuita: nem as escolas, nem os alunos pagam qualquer taxa. Para participar, basta enviar um v\u00eddeo com a apresenta\u00e7\u00e3o do trabalho realizada durante a feira ou mostra de ci\u00eancias da escola.<\/p>\n<p>Esta campanha de financiamento coletivo tem como finalidade arrecadar recursos para as premia\u00e7\u00f5es do projeto. A cada ano, ser\u00e3o selecionados tr\u00eas trabalhos vencedores.<\/p>\n<p>Ser\u00e3o premiados:<\/p>\n<ul>\n<li>a escola: um computador, um projetor, um laborat\u00f3rio port\u00e1til de F\u00edsica ou o valor equivalente do pr\u00eamio em dinheiro, conforme a necessidade da institui\u00e7\u00e3o;<\/li>\n<li>o professor orientador: um notebook ou o valor equivalente do pr\u00eamio em dinheiro;<\/li>\n<li>os alunos participantes do projeto (at\u00e9 quatro por grupo): um tablet ou o valor equivalente do pr\u00eamio em dinheiro.<\/li>\n<\/ul>\n<p>Todo o valor arrecadado ser\u00e1 destinado exclusivamente \u00e0 premia\u00e7\u00e3o dos trabalhos selecionados.<\/p>\n<div id=\"banner\">\n<div id=\"banner01\">\n<p><a href=\"javascript:;\" onclick=\"$('#banner01').hide();$('#banner02').show();\">Veja mais sobre o projeto aqui<\/a><\/p>\n<\/p><\/div>\n<div id=\"banner02\" style=\"display:none\">\n<p>Os trabalhos selecionados ser\u00e3o veiculados durante o <b>Congresso Brasileiro de F\u00edsica<\/b>, onde ser\u00e3o escolhidos os 3 primeiros colocados.<\/p>\n<p><a href=\"javascript:;\" onclick=\"$('#banner02').hide();$('#banner01').show();\">&laquo; Anterior<\/a> | <a href=\"javascript:;\" onclick=\"$('#banner02').hide();$('#banner03').show();\">&raquo; Pr\u00f3ximo<\/a><\/p>\n<\/p><\/div>\n<div id=\"banner03\" style=\"display:none\">\n<p>Os demais trabalhos selecionados para o evento receber\u00e3o um certificado de participa\u00e7\u00e3o.<\/p>\n<p><a href=\"javascript:;\" onclick=\"$('#banner03').hide();$('#banner02').show();\">&laquo; Anterior<\/a> | <a href=\"javascript:;\" onclick=\"$('#banner03').hide();$('#banner04').show();\">&raquo; Pr\u00f3ximo<\/a><\/p>\n<\/p><\/div>\n<div id=\"banner04\" style=\"display:none\">\n<p>Os pr\u00eamios ser\u00e3o definidos considerando as necessidades reais da escola. N\u00e3o faz sentido entregar um projetor se a institui\u00e7\u00e3o precisa, por exemplo, de um computador, de um laborat\u00f3rio port\u00e1til de F\u00edsica ou at\u00e9 mesmo do valor equivalente em dinheiro para investir em melhorias.<\/p>\n<p><a href=\"javascript:;\" onclick=\"$('#banner04').hide();$('#banner03').show();\">&laquo; Anterior<\/a><\/p>\n<\/p><\/div>\n<div id=\"banner05\" style=\"display:none\">\n<p>O mesmo vale para os professores e alunos participantes, que muitas vezes enfrentam dificuldades para seguir estudando e se desenvolvendo na \u00e1rea da educa\u00e7\u00e3o. Por isso, sempre que poss\u00edvel, a premia\u00e7\u00e3o poder\u00e1 ser adaptada para atender melhor a essas necessidades.<\/p>\n<p><a href=\"javascript:;\" onclick=\"$('#banner04').hide();$('#banner03').show();\">&laquo; Anterior<\/a><\/p>\n<\/p><\/div>\n<\/div>\n<p>Para estimar a meta, or\u00e7amos da seguinte forma:<\/p>\n<ul>\n<li>Computador completo, projetor ou laborat\u00f3rio port\u00e1til de F\u00edsica: at\u00e9 R$ 2.500,00. Como ser\u00e3o 3 escolas, o valor final pode chegar a R$ 7.500,00;<\/li>\n<li>Notebook: at\u00e9 R$ 2.000,00. Como ser\u00e3o 3 professores orientadores, o valor final pode chegar a R$ 6.000,00;<\/li>\n<li>Tablet: at\u00e9 R$ 1.000,00. Como ser\u00e3o at\u00e9 12 alunos vencedores, o valor final pode chegar a R$ 12.000,00;<\/li>\n<\/ul>\n<p align=\"center\"><b>Meta:<\/b> R$ 25.500,00 | <b>Valor arrecadado at\u00e9 o momento: <\/b>R$ 20,00<\/p>\n<div class=\"container-barra\">\n<div class=\"preenchimento\" style=\"width: 1%;\">1%<\/div>\n<\/div>\n<h3>Como participar?<\/h3>\n<p>Voc\u00ea pode participar doando via chave PIX contato@revistabrasileiradefisica.com ou no cart\u00e3o <a href=\"https:\/\/link.infinitepay.io\/rbfpub?origin=link-na-bio\" target=\"_blank\" rel=\"noopener\">clicando neste link<\/a>.<\/p>\n<h3>Problemas para doar?<\/h3>\n<p>Caso ocorra qualquer problema para doar usando o InfinitePay, voc\u00ea pode usar nosso link com o Mercado Pago <a href=\"https:\/\/link.mercadopago.com.br\/rbfpub\" target=\"_blank\" rel=\"noopener\">clicando aqui<\/a> ou pela chave PIX contato@revistabrasileiradefisica.com.<\/p>\n<h3>J\u00e1 doou?<\/h3>\n<p>Nos avise que este valor \u00e9 para o projeto atrav\u00e9s das nossas redes sociais ou pelo e-mail contato@revistabrasileiradefisica.com. Sua doa\u00e7\u00e3o aparecer\u00e1 abaixo (somente o valor doado, data e hora). Levamos uns dias para atualizar mas, atualizamos sempre, para manter a transpar\u00eancia de todo o processo.<\/p>\n<h3>Transpar\u00eancia: valores doados<\/h3>\n<ul>\n<li>R$ 20,00 &#8211; 09\/03\/2026, \u00e0s 10:52<\/li>\n<\/ul>\n<style type=\"text\/css\">\n<!--\n.container-barra {\n  width: 100%;\n  background-color: #e0e0e0;\n  border-radius: 20px;\n}\n\n.preenchimento {\n  font-size: 22px;\n  font-weight: bold;\n  height: 40px;\n  background-color: #4CAF50;\n  border-radius: 20px;\n  text-align: center;\n  color: white;\n}\n\n.containertabela{\n  display: flex;\n  overflow-x: auto;  \n  white-space: nowrap; \n}\n\n.colunatabela{\n  width: 250px;\n  padding: 10px;\n  box-sizing: border-box;\n  font-size: 14px;\n  border-left: solid 5px #ccc;\n  flex: 0 0 250px;\n  white-space: normal;\n}\n\n.colunatabela ul,\n.colunatabela li{\n  white-space: normal;\n  overflow-wrap: break-word;\n  word-break: break-word;\n}\n\n\n.colunatabela a, #banner {\n  display: block;\n  background-color: #68ed8c;\n  padding: 10px;\n  color: #000;\n  font-weight: bold;\n  text-align: center; \n  border-radius: 10px;\n}\n.colunatabela h3 {\n  font-size: 40px;\n  text-align: center;\n}\n.colunatabela h3 sup,sub {\n  font-size: 10px;\n}\n-->\n<\/style>\n","protected":false},"excerpt":{"rendered":"<p>O Projeto Pr\u00eamio Sementes da Ci\u00eancia tem como objetivo incentivar estudantes de escolas p\u00fablicas do ensino fundamental e m\u00e9dio a se interessarem pela ci\u00eancia, especialmente [&#8230;]<\/p>\n","protected":false},"author":1,"featured_media":0,"parent":1316,"menu_order":0,"comment_status":"closed","ping_status":"closed","template":"","meta":{"_mi_skip_tracking":false,"_monsterinsights_sitenote_active":false,"_monsterinsights_sitenote_note":"","_monsterinsights_sitenote_category":0},"_links":{"self":[{"href":"https:\/\/revistabrasileiradefisica.com\/rbf\/wp-json\/wp\/v2\/pages\/1717"}],"collection":[{"href":"https:\/\/revistabrasileiradefisica.com\/rbf\/wp-json\/wp\/v2\/pages"}],"about":[{"href":"https:\/\/revistabrasileiradefisica.com\/rbf\/wp-json\/wp\/v2\/types\/page"}],"author":[{"embeddable":true,"href":"https:\/\/revistabrasileiradefisica.com\/rbf\/wp-json\/wp\/v2\/users\/1"}],"replies":[{"embeddable":true,"href":"https:\/\/revistabrasileiradefisica.com\/rbf\/wp-json\/wp\/v2\/comments?post=1717"}],"version-history":[{"count":8,"href":"https:\/\/revistabrasileiradefisica.com\/rbf\/wp-json\/wp\/v2\/pages\/1717\/revisions"}],"predecessor-version":[{"id":1727,"href":"https:\/\/revistabrasileiradefisica.com\/rbf\/wp-json\/wp\/v2\/pages\/1717\/revisions\/1727"}],"up":[{"embeddable":true,"href":"https:\/\/revistabrasileiradefisica.com\/rbf\/wp-json\/wp\/v2\/pages\/1316"}],"wp:attachment":[{"href":"https:\/\/revistabrasileiradefisica.com\/rbf\/wp-json\/wp\/v2\/media?parent=1717"}],"curies":[{"name":"wp","href":"https:\/\/api.w.org\/{rel}","templated":true}]}}