{"id":1660,"date":"2026-02-21T12:57:17","date_gmt":"2026-02-21T15:57:17","guid":{"rendered":"https:\/\/revistabrasileiradefisica.com\/rbf\/?page_id=1660"},"modified":"2026-03-09T14:47:24","modified_gmt":"2026-03-09T17:47:24","slug":"premio-sementes-da-ciencia","status":"publish","type":"page","link":"https:\/\/revistabrasileiradefisica.com\/rbf\/premio-sementes-da-ciencia\/","title":{"rendered":"Pr\u00eamio Sementes da Ci\u00eancia"},"content":{"rendered":"<h3>O que \u00e9<\/h3>\n<p>O <strong>Pr\u00eamio Sementes da Ci\u00eancia<\/strong> \u00e9 uma iniciativa da <strong>Revista Brasileira de F\u00edsica<\/strong> voltada \u00e0s escolas p\u00fablicas brasileiras. O pr\u00eamio reconhece trabalhos apresentados em Feiras de Ci\u00eancias organizadas pelas pr\u00f3prias escolas, valorizando a qualidade cient\u00edfica, a criatividade e a relev\u00e2ncia social dos projetos desenvolvidos por estudantes da educa\u00e7\u00e3o b\u00e1sica.<\/p>\n<h3>Objetivo<\/h3>\n<p>O pr\u00eamio tem como objetivo incentivar a realiza\u00e7\u00e3o de Feiras de Ci\u00eancias nas escolas p\u00fablicas e ampliar a participa\u00e7\u00e3o de estudantes na cultura cient\u00edfica. Tamb\u00e9m busca fortalecer a diversidade na ci\u00eancia, valorizando a participa\u00e7\u00e3o de meninas, estudantes negros, de povos origin\u00e1rios, pessoas LGBTQIA+ e pessoas com defici\u00eancia. A proposta \u00e9 estimular ambientes escolares onde investigar, questionar e experimentar fa\u00e7am parte da forma\u00e7\u00e3o dos alunos.<\/p>\n<h3>Quando participar<\/h3>\n<p>As inscri\u00e7\u00f5es estar\u00e3o abertas conforme o cronograma oficial do <a href=\"https:\/\/www.congressobrasileirodefisica.com\"><strong>Congresso Brasileiro de F\u00edsica<\/strong><\/a>. Poder\u00e3o participar escolas p\u00fablicas que realizam (ou n\u00e3o) Feira de Ci\u00eancias em sua pr\u00f3pria institui\u00e7\u00e3o no per\u00edodo estabelecido pelo edital.<\/p>\n<h3>Como participar<\/h3>\n<p>A escola dever\u00e1 indicar trabalhos previamente apresentados em sua Feira de Ci\u00eancias, observando as orienta\u00e7\u00f5es e os crit\u00e9rios estabelecidos no edital do pr\u00eamio.\u00a0A avalia\u00e7\u00e3o considerar\u00e1 a qualidade cient\u00edfica do projeto, sua relev\u00e2ncia social e o compromisso com a promo\u00e7\u00e3o da diversidade e da inclus\u00e3o no grupo participante.\u00a0A apresenta\u00e7\u00e3o do trabalho dever\u00e1 ser registrada em v\u00eddeo, preferencialmente durante a realiza\u00e7\u00e3o da Feira de Ci\u00eancias da escola. Caso n\u00e3o seja poss\u00edvel, a grava\u00e7\u00e3o poder\u00e1 ser realizada em outro momento, conforme as diretrizes previstas no edital.\u00a0A realiza\u00e7\u00e3o da Feira de Ci\u00eancias e o registro da apresenta\u00e7\u00e3o durante o evento corresponder\u00e3o conjuntamente a 1\/3 da nota final da avalia\u00e7\u00e3o.<\/p>\n<h3>Quero contribuir com a premia\u00e7\u00e3o<\/h3>\n<p>O <strong>Pr\u00eamio Sementes da Ci\u00eancia<\/strong> \u00e9 uma iniciativa que busca fortalecer a cultura cient\u00edfica nas escolas p\u00fablicas e ampliar a diversidade na ci\u00eancia brasileira. Para que essa a\u00e7\u00e3o aconte\u00e7a e cres\u00e7a a cada edi\u00e7\u00e3o, contamos com o apoio de pessoas e institui\u00e7\u00f5es comprometidas com a educa\u00e7\u00e3o e com o futuro da pesquisa no pa\u00eds.\u00a0Esporadicamente contamos com patrocinadores, que viabilizam a\u00e7\u00f5es pontuais. No entanto, a principal fonte de sustenta\u00e7\u00e3o dos nossos projetos \u00e9 o financiamento coletivo da Revista Brasileira de F\u00edsica.<\/p>\n<p>As contribui\u00e7\u00f5es podem ser feitas por pessoas f\u00edsicas ou jur\u00eddicas por meio do canal oficial e transparente: <a href=\"https:\/\/catarse.me\/rbf\"><strong>www.catarse.me\/rbf<\/strong><\/a>. Para contribuir especificamente para o Sementes da Ci\u00eancia, voc\u00ea pode <a href=\"https:\/\/revistabrasileiradefisica.com\/rbf\/apoio\/projeto-sementes-da-ciencia\/\">clicar aqui<\/a>.<\/p>\n<p>Ao apoiar a campanha, voc\u00ea contribui diretamente para a premia\u00e7\u00e3o das escolas participantes e, ao mesmo tempo, ajuda a manter vivos os projetos da <strong>Revista Brasileira de F\u00edsica<\/strong> e do <strong>Congresso Brasileiro de F\u00edsica<\/strong>.\u00a0Apoiar \u00e9 fortalecer a ci\u00eancia desde a base, com autonomia, transpar\u00eancia e compromisso p\u00fablico.<\/p>\n","protected":false},"excerpt":{"rendered":"<p>O que \u00e9 O Pr\u00eamio Sementes da Ci\u00eancia \u00e9 uma iniciativa da Revista Brasileira de F\u00edsica voltada \u00e0s escolas p\u00fablicas brasileiras. O pr\u00eamio reconhece trabalhos [&#8230;]<\/p>\n","protected":false},"author":1,"featured_media":0,"parent":0,"menu_order":0,"comment_status":"closed","ping_status":"closed","template":"","meta":{"_mi_skip_tracking":false,"_monsterinsights_sitenote_active":false,"_monsterinsights_sitenote_note":"","_monsterinsights_sitenote_category":0},"_links":{"self":[{"href":"https:\/\/revistabrasileiradefisica.com\/rbf\/wp-json\/wp\/v2\/pages\/1660"}],"collection":[{"href":"https:\/\/revistabrasileiradefisica.com\/rbf\/wp-json\/wp\/v2\/pages"}],"about":[{"href":"https:\/\/revistabrasileiradefisica.com\/rbf\/wp-json\/wp\/v2\/types\/page"}],"author":[{"embeddable":true,"href":"https:\/\/revistabrasileiradefisica.com\/rbf\/wp-json\/wp\/v2\/users\/1"}],"replies":[{"embeddable":true,"href":"https:\/\/revistabrasileiradefisica.com\/rbf\/wp-json\/wp\/v2\/comments?post=1660"}],"version-history":[{"count":4,"href":"https:\/\/revistabrasileiradefisica.com\/rbf\/wp-json\/wp\/v2\/pages\/1660\/revisions"}],"predecessor-version":[{"id":1724,"href":"https:\/\/revistabrasileiradefisica.com\/rbf\/wp-json\/wp\/v2\/pages\/1660\/revisions\/1724"}],"wp:attachment":[{"href":"https:\/\/revistabrasileiradefisica.com\/rbf\/wp-json\/wp\/v2\/media?parent=1660"}],"curies":[{"name":"wp","href":"https:\/\/api.w.org\/{rel}","templated":true}]}}