{"id":1525,"date":"2025-04-19T13:51:27","date_gmt":"2025-04-19T16:51:27","guid":{"rendered":"https:\/\/revistabrasileiradefisica.com\/rbf\/?page_id=1525"},"modified":"2025-04-19T13:51:27","modified_gmt":"2025-04-19T16:51:27","slug":"rede","status":"publish","type":"page","link":"https:\/\/revistabrasileiradefisica.com\/rbf\/rede\/","title":{"rendered":"Rede de F\u00edsica"},"content":{"rendered":"<p style=\"font-size: 12px\">Nesta se\u00e7\u00e3o, divulgamos servi\u00e7os oferecidos por membros do <a href=\"\/clube\/\">Clube de F\u00edsica<\/a> e nossos colaboradores, incluindo aulas particulares, consultorias, palestras, produ\u00e7\u00e3o de conte\u00fados cient\u00edficos e outras atividades relacionadas \u00e0 atua\u00e7\u00e3o profissional de um f\u00edsico. Nosso objetivo \u00e9 valorizar e fortalecer a rede de profissionais que colaboram com a Revista Brasileira de F\u00edsica, aproximando estudantes, professores e entusiastas da ci\u00eancia daqueles que se dedicam ao ensino e \u00e0 pesquisa. Se voc\u00ea \u00e9 membro do <a href=\"\/clube\/\">Clube de F\u00edsica<\/a> ou um colaborador do peri\u00f3dico, e deseja divulgar seus servi\u00e7os, entre em contato conosco pelo e-mail <a href=\"mailto:contato@revistabrasileiradefisica.com\">contato@revistabrasileiradefisica.com<\/a>.<\/a><\/p>\n","protected":false},"excerpt":{"rendered":"<p>Nesta se\u00e7\u00e3o, divulgamos servi\u00e7os oferecidos por membros do Clube de F\u00edsica e nossos colaboradores, incluindo aulas particulares, consultorias, palestras, produ\u00e7\u00e3o de conte\u00fados cient\u00edficos e outras [&#8230;]<\/p>\n","protected":false},"author":1,"featured_media":0,"parent":0,"menu_order":0,"comment_status":"closed","ping_status":"closed","template":"","meta":{"_mi_skip_tracking":false,"_monsterinsights_sitenote_active":false,"_monsterinsights_sitenote_note":"","_monsterinsights_sitenote_category":0},"_links":{"self":[{"href":"https:\/\/revistabrasileiradefisica.com\/rbf\/wp-json\/wp\/v2\/pages\/1525"}],"collection":[{"href":"https:\/\/revistabrasileiradefisica.com\/rbf\/wp-json\/wp\/v2\/pages"}],"about":[{"href":"https:\/\/revistabrasileiradefisica.com\/rbf\/wp-json\/wp\/v2\/types\/page"}],"author":[{"embeddable":true,"href":"https:\/\/revistabrasileiradefisica.com\/rbf\/wp-json\/wp\/v2\/users\/1"}],"replies":[{"embeddable":true,"href":"https:\/\/revistabrasileiradefisica.com\/rbf\/wp-json\/wp\/v2\/comments?post=1525"}],"version-history":[{"count":1,"href":"https:\/\/revistabrasileiradefisica.com\/rbf\/wp-json\/wp\/v2\/pages\/1525\/revisions"}],"predecessor-version":[{"id":1527,"href":"https:\/\/revistabrasileiradefisica.com\/rbf\/wp-json\/wp\/v2\/pages\/1525\/revisions\/1527"}],"wp:attachment":[{"href":"https:\/\/revistabrasileiradefisica.com\/rbf\/wp-json\/wp\/v2\/media?parent=1525"}],"curies":[{"name":"wp","href":"https:\/\/api.w.org\/{rel}","templated":true}]}}