{"id":1522,"date":"2025-04-19T13:35:51","date_gmt":"2025-04-19T16:35:51","guid":{"rendered":"https:\/\/revistabrasileiradefisica.com\/rbf\/?page_id=1522"},"modified":"2025-05-01T15:49:13","modified_gmt":"2025-05-01T18:49:13","slug":"biblioteca","status":"publish","type":"page","link":"https:\/\/revistabrasileiradefisica.com\/rbf\/biblioteca\/","title":{"rendered":"Biblioteca"},"content":{"rendered":"<p style=\"font-size: 12px;\">Nesta se\u00e7\u00e3o, reuniremos uma sele\u00e7\u00e3o de e-books gratuitos relacionados \u00e0 F\u00edsica, incluindo obras que mencionam a <strong>Revista Brasileira de F\u00edsica<\/strong>, publica\u00e7\u00f5es de membros do <a href=\"\/clube\/\">Clube de F\u00edsica<\/a> e de nossos colaboradores. Nosso objetivo \u00e9 divulgar e valorizar produ\u00e7\u00f5es acess\u00edveis que contribuam para o ensino e a divulga\u00e7\u00e3o cient\u00edfica. Os livros apresentados aqui tamb\u00e9m ser\u00e3o divulgados nas edi\u00e7\u00f5es em PDF e Kindle da Revista. Se voc\u00ea tem um material que gostaria de compartilhar com nossa comunidade <strong>gratuitamente<\/strong>, envie para o e-mail <a href=\"mailto:contato@revistabrasileiradefisica.com\">contato@revistabrasileiradefisica.com<\/a> e teremos prazer em avali\u00e1-lo para inclus\u00e3o em nossa biblioteca.<\/p>\n<figure id=\"attachment_1541\" aria-describedby=\"caption-attachment-1541\" style=\"width: 206px\" class=\"wp-caption aligncenter\"><a href=\"https:\/\/www.researchgate.net\/publication\/389437961_Fisica_Prelecoes\" target=\"_blank\" rel=\"noopener\"><img decoding=\"async\" loading=\"lazy\" class=\"wp-image-1541 size-medium\" title=\"F\u00edsica: Prele\u00e7\u00f5es\" src=\"https:\/\/revistabrasileiradefisica.com\/rbf\/wp-content\/uploads\/2025\/05\/1682504476282-206x300.jpeg\" alt=\"\" width=\"206\" height=\"300\" srcset=\"https:\/\/revistabrasileiradefisica.com\/rbf\/wp-content\/uploads\/2025\/05\/1682504476282-206x300.jpeg 206w, https:\/\/revistabrasileiradefisica.com\/rbf\/wp-content\/uploads\/2025\/05\/1682504476282.jpeg 446w\" sizes=\"(max-width: 206px) 100vw, 206px\" \/><\/a><figcaption id=\"caption-attachment-1541\" class=\"wp-caption-text\"><center><strong>F\u00edsica: Prele\u00e7\u00f5es<\/strong><br \/><em>Por Jailton Filho<\/em><\/center><\/figcaption><\/figure>\n","protected":false},"excerpt":{"rendered":"<p>Nesta se\u00e7\u00e3o, reuniremos uma sele\u00e7\u00e3o de e-books gratuitos relacionados \u00e0 F\u00edsica, incluindo obras que mencionam a Revista Brasileira de F\u00edsica, publica\u00e7\u00f5es de membros do Clube [&#8230;]<\/p>\n","protected":false},"author":1,"featured_media":0,"parent":0,"menu_order":0,"comment_status":"closed","ping_status":"closed","template":"templates\/template-sidebar-right.php","meta":{"_mi_skip_tracking":false,"_monsterinsights_sitenote_active":false,"_monsterinsights_sitenote_note":"","_monsterinsights_sitenote_category":0},"_links":{"self":[{"href":"https:\/\/revistabrasileiradefisica.com\/rbf\/wp-json\/wp\/v2\/pages\/1522"}],"collection":[{"href":"https:\/\/revistabrasileiradefisica.com\/rbf\/wp-json\/wp\/v2\/pages"}],"about":[{"href":"https:\/\/revistabrasileiradefisica.com\/rbf\/wp-json\/wp\/v2\/types\/page"}],"author":[{"embeddable":true,"href":"https:\/\/revistabrasileiradefisica.com\/rbf\/wp-json\/wp\/v2\/users\/1"}],"replies":[{"embeddable":true,"href":"https:\/\/revistabrasileiradefisica.com\/rbf\/wp-json\/wp\/v2\/comments?post=1522"}],"version-history":[{"count":4,"href":"https:\/\/revistabrasileiradefisica.com\/rbf\/wp-json\/wp\/v2\/pages\/1522\/revisions"}],"predecessor-version":[{"id":1542,"href":"https:\/\/revistabrasileiradefisica.com\/rbf\/wp-json\/wp\/v2\/pages\/1522\/revisions\/1542"}],"wp:attachment":[{"href":"https:\/\/revistabrasileiradefisica.com\/rbf\/wp-json\/wp\/v2\/media?parent=1522"}],"curies":[{"name":"wp","href":"https:\/\/api.w.org\/{rel}","templated":true}]}}