{"id":1329,"date":"2024-05-28T11:18:15","date_gmt":"2024-05-28T14:18:15","guid":{"rendered":"https:\/\/revistabrasileiradefisica.com\/rbf\/?page_id=1329"},"modified":"2024-12-20T14:10:35","modified_gmt":"2024-12-20T17:10:35","slug":"estagios","status":"publish","type":"page","link":"https:\/\/revistabrasileiradefisica.com\/rbf\/estagios\/","title":{"rendered":"Volunt\u00e1rios e est\u00e1gios acad\u00eamicos"},"content":{"rendered":"<p>Desde sua cria\u00e7\u00e3o a <strong>Revista Brasileira de F\u00edsica<\/strong> \u00e9 voltada a ajudar graduandos em sua forma\u00e7\u00e3o, oportunizando publicar trabalhos no peri\u00f3dico, nos anais do <strong>Congresso Brasileiro de F\u00edsica<\/strong>, ou at\u00e9 apresentando trabalhos e palestras neste evento. Tudo, sem custo algum para nenhum dos envolvidos. Nosso peri\u00f3dico se mant\u00e9m apenas com doa\u00e7\u00f5es e apoios da iniciativa privada. Neste contexto, resolvemos experimentar a proposta de ofertar um espa\u00e7o para estes alunos realizarem seus <strong>est\u00e1gios<\/strong> conosco, ou at\u00e9 mesmo atuar enquanto <strong>volunt\u00e1rios<\/strong>. Temos demanda para as seguintes \u00e1reas:<\/p>\n<ul>\n<li>Letras e Jornalismo: atuar\u00e1 recebendo os manuscritos, verificando se h\u00e1 erros ortogr\u00e1ficos e de formata\u00e7\u00e3o, e encaminhando para o cegamento.<\/li>\n<li>F\u00edsica e\u00a0Matem\u00e1tica: atuar\u00e1 verificando se o manuscrito faz parte do escopo do peri\u00f3dico, realiza o cegamento, seleciona os pareceristas e submete o trabalho cegado.<\/li>\n<li>Design gr\u00e1fico e Marketing digital: atuar\u00e1 propondo solu\u00e7\u00f5es para as redes sociais do peri\u00f3dico e do congresso.<\/li>\n<li>Desenvolvimento de sistemas: atuar\u00e1 propondo solu\u00e7\u00f5es para a plataforma do peri\u00f3dico e do congresso.<\/li>\n<\/ul>\n<p>Todo o trabalho \u00e9 realizado sob supervis\u00e3o, com participa\u00e7\u00e3o em reuni\u00f5es. Para trabalho <strong>volunt\u00e1rio<\/strong>, basta que o interessado entre em contato diretamente conosco atrav\u00e9s do e-mail <a href=\"mailto:contato@revistabrasileiradefisica.com\"><strong>contato@revistabrasileiradefisica.com<\/strong><\/a>. \u00c9 necess\u00e1rio ter conta no WhatsApp, Telegram ou Signal, e <strong>Discord<\/strong>. J\u00e1 para <strong>est\u00e1gio acad\u00eamico<\/strong>, a institui\u00e7\u00e3o deve nos contatar para firmar a parceria. Atualmente estamos atuando apenas com institui\u00e7\u00f5es privadas, e pequenos grupos de estudantes. Se voc\u00ea tem interesse em estagiar conosco, verifique com seu orientador se a institui\u00e7\u00e3o aceita este est\u00e1gio para o seu curso e, se sim, se j\u00e1 houve contato conosco para firmar a parceria.<\/p>\n","protected":false},"excerpt":{"rendered":"<p>Desde sua cria\u00e7\u00e3o a Revista Brasileira de F\u00edsica \u00e9 voltada a ajudar graduandos em sua forma\u00e7\u00e3o, oportunizando publicar trabalhos no peri\u00f3dico, nos anais do Congresso [&#8230;]<\/p>\n","protected":false},"author":1,"featured_media":0,"parent":0,"menu_order":0,"comment_status":"closed","ping_status":"closed","template":"","meta":{"_mi_skip_tracking":false,"_monsterinsights_sitenote_active":false,"_monsterinsights_sitenote_note":"","_monsterinsights_sitenote_category":0},"_links":{"self":[{"href":"https:\/\/revistabrasileiradefisica.com\/rbf\/wp-json\/wp\/v2\/pages\/1329"}],"collection":[{"href":"https:\/\/revistabrasileiradefisica.com\/rbf\/wp-json\/wp\/v2\/pages"}],"about":[{"href":"https:\/\/revistabrasileiradefisica.com\/rbf\/wp-json\/wp\/v2\/types\/page"}],"author":[{"embeddable":true,"href":"https:\/\/revistabrasileiradefisica.com\/rbf\/wp-json\/wp\/v2\/users\/1"}],"replies":[{"embeddable":true,"href":"https:\/\/revistabrasileiradefisica.com\/rbf\/wp-json\/wp\/v2\/comments?post=1329"}],"version-history":[{"count":3,"href":"https:\/\/revistabrasileiradefisica.com\/rbf\/wp-json\/wp\/v2\/pages\/1329\/revisions"}],"predecessor-version":[{"id":1429,"href":"https:\/\/revistabrasileiradefisica.com\/rbf\/wp-json\/wp\/v2\/pages\/1329\/revisions\/1429"}],"wp:attachment":[{"href":"https:\/\/revistabrasileiradefisica.com\/rbf\/wp-json\/wp\/v2\/media?parent=1329"}],"curies":[{"name":"wp","href":"https:\/\/api.w.org\/{rel}","templated":true}]}}