{"id":1325,"date":"2024-05-19T09:45:44","date_gmt":"2024-05-19T12:45:44","guid":{"rendered":"https:\/\/revistabrasileiradefisica.com\/rbf\/?page_id=1325"},"modified":"2025-07-28T17:13:11","modified_gmt":"2025-07-28T20:13:11","slug":"doacoes","status":"publish","type":"page","link":"https:\/\/revistabrasileiradefisica.com\/rbf\/doacoes\/","title":{"rendered":"Doa\u00e7\u00f5es"},"content":{"rendered":"<p>Voc\u00ea sabia que a <strong>Revista Brasileira de F\u00edsica<\/strong> opera sob o formato <em>diamont access<\/em>? Calma l\u00e1. O que \u00e9 <em>diamont access<\/em> para come\u00e7ar: \u00e9 um formato onde o peri\u00f3dico cient\u00edfico n\u00e3o faz cobran\u00e7as para submeter o artigo, para avali\u00e1-lo, para public\u00e1-lo ou para l\u00ea-lo. Ou seja, tudo isso <strong>gratuitamente<\/strong>. Voc\u00ea sabia que a\u00a0<strong>Revista Brasileira de F\u00edsica<\/strong> \u00e9 organizadora do\u00a0<strong>Congresso Brasileiro de F\u00edsica<\/strong>? Al\u00e9m de apresentar trabalhos de mestres e doutores, o evento ainda abre espa\u00e7o para que graduandos apresentem seus trabalhos, tanto no formato de palestra, quanto de apresenta\u00e7\u00e3o de resumo. H\u00e1 tamb\u00e9m submiss\u00e3o de resumos para publica\u00e7\u00e3o nos anais do evento. Al\u00e9m disso, ainda h\u00e1 emiss\u00e3o de certificados para quem apresenta palestra, trabalho, para autores de resumos, avaliadores de trabalhos e ouvintes do evento. Tudo isso\u00a0<strong>gratuitamente<\/strong>.<\/p>\n<p>Este ano ainda, passamos a abrir espa\u00e7o para est\u00e1gio volunt\u00e1rio e acad\u00eamico, al\u00e9m das \u00e1reas como Jornalismo, Marketing Digital e Letras, especialmente para alunos de bacharelado em F\u00edsica e Matem\u00e1tica, considerando a dificuldade em algumas regi\u00f5es do Brasil para que estes alunos consigam realizar este est\u00e1gio. Eles passam a conhecer o ambiente editorial de forma remota, os fluxos, rotinas, e como funciona o trabalho no dia-a-dia no peri\u00f3dico. Tudo isso <strong>gratuitamente<\/strong>, \u00f3bvio.<\/p>\n<p>Ent\u00e3o, como nos mantemos? Com <strong>doa\u00e7\u00f5es<\/strong>. Apenas o\u00a0Congresso Brasileiro de F\u00edsica j\u00e1 alcan\u00e7ou mais de 200 mil pessoas. Apenas este site j\u00e1 chegou a mais de 140 mil pessoas. Recebe mensalmente mais de 1500 visitantes. Se cada leitor doasse R$ 1 mensalmente, nosso objetivo n\u00e3o seria mais manter o peri\u00f3dico ativo, mas sim, expandir. Nossos custos b\u00e1sicos envolvem servidor de hospedagem, dom\u00ednios, redes sociais e custos com CNPJ. Este \u00faltimo \u00e9 fundamental, principalmente para emiss\u00e3o de certificados e oferta de est\u00e1gios. Outros custos que ter\u00edamos est\u00e3o sendo sendo barrados no momento, em virtude da escassez de recursos, o que dificulta o andamento dos trabalhos.<\/p>\n<p>Nosso pedido de doa\u00e7\u00e3o \u00e9 para\u00a0<strong>qualquer valor<\/strong>. Sabe aquele cafezinho extra que voc\u00ea tomaria esse m\u00eas? J\u00e1 nos ajudar\u00e1 muito!<\/p>\n<p>Voc\u00ea pode doar pelo <strong>PIX<\/strong> contato@revistabrasileiradefisica.com, ou assinando o <a href=\"https:\/\/revistabrasileiradefisica.com\/clube\"><strong>Clube de F\u00edsica<\/strong><\/a>. Todas estas op\u00e7\u00f5es s\u00e3o tentativas de manter os trabalhos ativos por aqui.<\/p>\n<p>Se voc\u00ea possui uma empresa, e quer colaborar, tamb\u00e9m temos op\u00e7\u00f5es de apoio em troca de espa\u00e7o na revista digital e no Congresso Brasileiro de F\u00edsica. Nos contate atrav\u00e9s do e-mail contato@revistabrasileiradefisica.com<\/p>\n<p>E desde j\u00e1, nosso agradecimento \u00e0 todas as pessoas que tamb\u00e9m vem colaborando com o peri\u00f3dico com envio de manuscritos, palestras, resumos, com seu tempo para avaliar os trabalhos, e repostando nossas publica\u00e7\u00f5es em redes sociais.<\/p>\n<p>Abaixo, o montante doado at\u00e9 aqui nos \u00faltimos 3 meses:<\/p>\n<ul><li>R$ 100.00, em 05\/02\/2026<\/li><li>R$ 4.35, em 20\/01\/2026<\/li><li>R$ 100.00, em 19\/01\/2026<\/li><\/ul>\n","protected":false},"excerpt":{"rendered":"<p>Voc\u00ea sabia que a Revista Brasileira de F\u00edsica opera sob o formato diamont access? Calma l\u00e1. O que \u00e9 diamont access para come\u00e7ar: \u00e9 um [&#8230;]<\/p>\n","protected":false},"author":1,"featured_media":0,"parent":0,"menu_order":0,"comment_status":"closed","ping_status":"closed","template":"","meta":{"_mi_skip_tracking":false,"_monsterinsights_sitenote_active":false,"_monsterinsights_sitenote_note":"","_monsterinsights_sitenote_category":0},"_links":{"self":[{"href":"https:\/\/revistabrasileiradefisica.com\/rbf\/wp-json\/wp\/v2\/pages\/1325"}],"collection":[{"href":"https:\/\/revistabrasileiradefisica.com\/rbf\/wp-json\/wp\/v2\/pages"}],"about":[{"href":"https:\/\/revistabrasileiradefisica.com\/rbf\/wp-json\/wp\/v2\/types\/page"}],"author":[{"embeddable":true,"href":"https:\/\/revistabrasileiradefisica.com\/rbf\/wp-json\/wp\/v2\/users\/1"}],"replies":[{"embeddable":true,"href":"https:\/\/revistabrasileiradefisica.com\/rbf\/wp-json\/wp\/v2\/comments?post=1325"}],"version-history":[{"count":20,"href":"https:\/\/revistabrasileiradefisica.com\/rbf\/wp-json\/wp\/v2\/pages\/1325\/revisions"}],"predecessor-version":[{"id":1552,"href":"https:\/\/revistabrasileiradefisica.com\/rbf\/wp-json\/wp\/v2\/pages\/1325\/revisions\/1552"}],"wp:attachment":[{"href":"https:\/\/revistabrasileiradefisica.com\/rbf\/wp-json\/wp\/v2\/media?parent=1325"}],"curies":[{"name":"wp","href":"https:\/\/api.w.org\/{rel}","templated":true}]}}