{"id":1316,"date":"2024-04-23T13:45:56","date_gmt":"2024-04-23T16:45:56","guid":{"rendered":"https:\/\/revistabrasileiradefisica.com\/rbf\/?page_id=1316"},"modified":"2025-01-14T15:20:47","modified_gmt":"2025-01-14T18:20:47","slug":"apoio","status":"publish","type":"page","link":"https:\/\/revistabrasileiradefisica.com\/rbf\/apoio\/","title":{"rendered":"Apoio"},"content":{"rendered":"<p>A <strong>Revista Brasileira de F\u00edsica<\/strong> \u00e9 um peri\u00f3dico cient\u00edfico no formato\u00a0<em><strong>Diamont Access <\/strong><\/em>onde o autor <strong>n\u00e3o paga nada<\/strong> para submeter e publicar seu artigo, e os leitores <strong>n\u00e3o pagam<\/strong> para ler, ou seja, completamente gratuito. Por isso, \u00e9 <strong>fundamental o apoio<\/strong> de pessoas e empresas para arcar com os custos.<\/p>\n<p>Voc\u00ea pode <a href=\"\/doacoes\/\"><strong>DOAR<\/strong><\/a> qualquer valor ou assinar nosso <a href=\"\/clube\/\"><strong>CLUBE DE F\u00cdSICA<\/strong><\/a>!<\/p>\n<p>Empresas ainda podem apoiar tanto a <strong>Revista Brasileira de F\u00edsica<\/strong> quanto o <strong>Congresso Brasileiro de F\u00edsica<\/strong>! Veja abaixo as propostas:<\/p>\n<div style=\"position: relative; width: 100%; height: 0; padding-top: 77.2727%; padding-bottom: 0; box-shadow: 0 2px 8px 0 rgba(63,69,81,0.16); margin-top: 1.6em; margin-bottom: 0.9em; overflow: hidden; border-radius: 8px; will-change: transform;\">\n  <iframe loading=\"lazy\" style=\"position: absolute; width: 100%; height: 100%; top: 0; left: 0; border: none; padding: 0;margin: 0;\"\n    src=\"https:\/\/www.canva.com\/design\/DAGCbreHvmY\/TwuyQW9c62G_PX1QL2UVlg\/view?embed\" allowfullscreen=\"allowfullscreen\" allow=\"fullscreen\"><br \/>\n  <\/iframe>\n<\/div>\n<p>Nos chame no e-mail <a href=\"mailto:contato@revistabrasileiradefisica.com\">contato@revistabrasileiradefisica.com<\/a>!<\/p>\n","protected":false},"excerpt":{"rendered":"<p>A Revista Brasileira de F\u00edsica \u00e9 um peri\u00f3dico cient\u00edfico no formato\u00a0Diamont Access onde o autor n\u00e3o paga nada para submeter e publicar seu artigo, e [&#8230;]<\/p>\n","protected":false},"author":1,"featured_media":0,"parent":0,"menu_order":0,"comment_status":"closed","ping_status":"closed","template":"","meta":{"_mi_skip_tracking":false,"_monsterinsights_sitenote_active":false,"_monsterinsights_sitenote_note":"","_monsterinsights_sitenote_category":0},"_links":{"self":[{"href":"https:\/\/revistabrasileiradefisica.com\/rbf\/wp-json\/wp\/v2\/pages\/1316"}],"collection":[{"href":"https:\/\/revistabrasileiradefisica.com\/rbf\/wp-json\/wp\/v2\/pages"}],"about":[{"href":"https:\/\/revistabrasileiradefisica.com\/rbf\/wp-json\/wp\/v2\/types\/page"}],"author":[{"embeddable":true,"href":"https:\/\/revistabrasileiradefisica.com\/rbf\/wp-json\/wp\/v2\/users\/1"}],"replies":[{"embeddable":true,"href":"https:\/\/revistabrasileiradefisica.com\/rbf\/wp-json\/wp\/v2\/comments?post=1316"}],"version-history":[{"count":3,"href":"https:\/\/revistabrasileiradefisica.com\/rbf\/wp-json\/wp\/v2\/pages\/1316\/revisions"}],"predecessor-version":[{"id":1466,"href":"https:\/\/revistabrasileiradefisica.com\/rbf\/wp-json\/wp\/v2\/pages\/1316\/revisions\/1466"}],"wp:attachment":[{"href":"https:\/\/revistabrasileiradefisica.com\/rbf\/wp-json\/wp\/v2\/media?parent=1316"}],"curies":[{"name":"wp","href":"https:\/\/api.w.org\/{rel}","templated":true}]}}