{"id":1293,"date":"2024-04-08T11:12:42","date_gmt":"2024-04-08T14:12:42","guid":{"rendered":"https:\/\/revistabrasileiradefisica.com\/rbf\/?page_id=1293"},"modified":"2026-02-18T21:25:30","modified_gmt":"2026-02-19T00:25:30","slug":"iv-congresso-brasileiro-de-fisica","status":"publish","type":"page","link":"https:\/\/revistabrasileiradefisica.com\/rbf\/congresso\/iv-congresso-brasileiro-de-fisica\/","title":{"rendered":"IV Congresso Brasileiro de F\u00edsica"},"content":{"rendered":"\r\n<p class=\"has-small-font-size\"><a href=\"https:\/\/revistabrasileiradefisica.com\/rbf\/congresso\/iv-congresso-brasileiro-de-fisica\/\" data-type=\"page\" data-id=\"356\">P\u00e1gina inicial<\/a> | <a href=\"https:\/\/revistabrasileiradefisica.com\/rbf\/congresso\/\" data-type=\"page\" data-id=\"213\">Edi\u00e7\u00f5es anteriores<\/a> | <a href=\"#cronograma\">Cronograma<\/a> | <a href=\"#inscricoes\" style=\"background-color: orange; padding: 5px; color: #fff; font-weight: bold;\">Inscri\u00e7\u00f5es<\/a> | <a href=\"#resumos\">Envio de resumos<\/a> (encerrado) | <a href=\"#proppalestra\">Propostas de palestras<\/a> | <a href=\"#organizacao\">Organiza\u00e7\u00e3o<\/a> | <a href=\"#divulgacao\">Ajude \u00e0 divulgar!<\/a><\/p>\r\n<hr \/>\r\n<p class=\"has-small-font-size\">Come\u00e7aram oficialmente os trabalhos para o IV Congresso Brasileiro de F\u00edsica, que tem por objetivo mostrar o que est\u00e1 sendo feito em termos de ci\u00eancia na F\u00edsica em nosso pa\u00eds, desde a gradua\u00e7\u00e3o at\u00e9 os n\u00edveis mais altos de conhecimento e pesquisa!<\/p>\r\n\r\n<h2 class=\"has-small-font-size\">O evento \u00e9 totalmente <strong>gratuito<\/strong>, sem taxa de inscri\u00e7\u00e3o ou qualquer outra taxa. Mas sinta-se a vontade para nos ajudar assinando o <a href=\"\/clube\/\">Clube de F\u00edsica<\/a>, fazendo uma doa\u00e7\u00e3o em <a href=\"\/doacoes\/\">www.revistabrasileiradefisica.com\/doacoes<\/a> ou participando do nosso financiamento coletivo em <a href=\"https:\/\/catarse.me\/rbf\" target=\"_blank\" rel=\"noopener\">www.catarse.me\/rbf<\/a>.<\/h2>\r\n<!-- \/wp:list -->\r\n<!-- wp:paragraph {\"fontSize\":\"small\"} -->\r\n\r\n<p class=\"has-small-font-size\">Uma mudan\u00e7a que havia sido solicitada mas que n\u00e3o ser\u00e1 poss\u00edvel \u00e9 que o evento seja <strong>s\u00edncrono<\/strong>. Nas edi\u00e7\u00f5es anteriores tivemos problemas com palestrantes que n\u00e3o enviaram suas palestras a tempo, tampouco justificaram suas aus\u00eancias, mesmo ap\u00f3s a divulga\u00e7\u00e3o de suas palestras. Isso fez com que nosso evento ficasse mais enxuto do que gostar\u00edamos, mesmo sendo ass\u00edncrono. Este ano, <b>manteremos o formato das edi\u00e7\u00f5es anteriores<\/b>, mas toda a programa\u00e7\u00e3o estar\u00e1 devidamente pronta antes do in\u00edcio das inscri\u00e7\u00f5es. Nenhuma palestra ser\u00e1 divulgada sem que j\u00e1 a tenhamos recebido devidamente gravada e editada. No dia da palestra, disponibilizaremos um espa\u00e7o para que a pessoa que estar\u00e1 palestrando possa interagir no chat com seu p\u00fablico.<\/p>\r\n<hr \/>\r\n<h4>Inscri\u00e7\u00f5es<\/h4>\r\n<div style=\"width: 180px; height: 430px; float: right;\"><script>\r\nfunction getRandomFile() {\r\n    const file1 = \"banner01.gif\";\r\n    const file2 = \"banner02.gif\";\r\n    \r\n    return Math.random() < 0.5 ? file1 : file2;\r\n}\r\ndocument.addEventListener(\"DOMContentLoaded\", function() {\r\n    document.getElementById(\"randomImage\").src = \"\/rbf\/\"+getRandomFile();\r\n});\r\n<\/script>\r\n<center><img id=\"randomImage\">\r\n<span style=\"font-size: 13px\"><b>Conhe\u00e7a nossos parceiros:<\/b><br>\r\n<a href=\"https:\/\/nerdfit.shop\" target=\"_blank\" rel=\"noopener\">NerdFit<\/a> &#183; <a href=\"https:\/\/primorlab.com.br\/\" target=\"_blank\" rel=\"noopener\">PrimorLab<\/a> &#183; <br><a href=\"https:\/\/tffmpublicacoes.com\" target=\"_blank\" rel=\"noopener\">TFFM Publica\u00e7\u00f5es<\/a><\/span>\r\n<\/center><\/div>\r\n\r\n\r\n<p><a name=\"inscricoes\"><\/a><\/p>\r\n<p><!-- \/wp:html -->\r\n<!-- wp:paragraph {\"fontSize\":\"small\"} --><\/p>\r\n<p class=\"has-small-font-size\">As inscri\u00e7\u00f5es s\u00e3o <b>gratuitas<\/b>, com certificado de participa\u00e7\u00e3o. <a href=\"https:\/\/congressobrasileirodefisica.com\/rbf\/scripts\/odin\/congresso_inscricoes.php\" target=\"_blank\" rel=\"noopener\"><b>CLIQUE AQUI PARA SE INSCREVER<\/b><\/a>.<\/p>\r\n<p>&nbsp;<\/p>\r\n<p><!-- \/wp:paragraph --><\/p>\r\n<hr size=\"1\" \/>\r\n<p><!-- wp:html --><\/p>\r\n<h4>Submiss\u00e3o de resumos<\/h4>\r\n<p><a name=\"resumos\"><\/a><\/p>\r\n<p><!-- \/wp:html --><\/p>\r\n<p class=\"has-small-font-size\"><b>PREMIA\u00c7\u00c3O: nos dias de evento estar\u00e1 aberta uma vota\u00e7\u00e3o para escolher o melhor resumo. O vencedor ganhar\u00e1 um pr\u00eamio de R$ 30. Em caso de v\u00e1rios autores, o valor \u00e9 dividido entre os participantes. Al\u00e9m deste pr\u00eamio, todos receber\u00e3o 1 ano de assinatura do Clube de F\u00edsica!<\/b><\/p>\r\n<p><!-- wp:paragraph {\"fontSize\":\"small\"} --><\/p>\r\n<p class=\"has-small-font-size\">0. S\u00f3 ser\u00e3o aceitos trabalhos in\u00e9ditos, n\u00e3o publicados em nenhum outro local;<br \/>1. Ser\u00e3o aceitos trabalhos envolvendo qualquer \u00e1rea da F\u00edsica, posteriormente ser\u00e3o organizados por \u00e1reas tem\u00e1ticas para publica\u00e7\u00e3o nos anais;<br \/>2. Podem realizar a submiss\u00e3o de trabalhos graduandos (n\u00e3o necessita de orientador), graduados, mestres e doutores, e especialistas, sendo limitado a at\u00e9 2 autores por resumo;<br \/>3. Cada autor pode submeter at\u00e9 3 resumos;<br \/>4. Alguns autores poder\u00e3o ser convidados a apresentar seus trabalhos, sob forma de v\u00eddeo previamente gravado, que tamb\u00e9m ser\u00e1 avaliado, com at\u00e9 10 minutos de dura\u00e7\u00e3o. A quantidade de trabalhos ser\u00e1 definida ap\u00f3s a defini\u00e7\u00e3o da programa\u00e7\u00e3o do evento;<br \/>5. N\u00e3o ser\u00e1 poss\u00edvel realizar qualquer altera\u00e7\u00e3o no resumo enviado;<br \/>6. O resumo simples deve seguir o modelo LaTeX abaixo, e deve conter introdu\u00e7\u00e3o, objetivo, m\u00e9todo, resultados e conclus\u00e3o, com at\u00e9 2 p\u00e1ginas. J\u00e1 o resumo expandido pode conter at\u00e9 5 p\u00e1ginas. O t\u00edtulo n\u00e3o pode conter mais do que 15 palavras;<br \/>7. Resumo simples n\u00e3o pode conter tabelas, gr\u00e1ficos ou imagens;<br \/>8. Os casos omissos ser\u00e3o resolvidos pela organiza\u00e7\u00e3o do Congresso Brasileiro de F\u00edsica, quando necess\u00e1rio.<br \/><br \/>AVALIA\u00c7\u00c3O<br \/><br \/>0. Cada trabalho submetido ser\u00e1 revisado por 2 avaliadores;<br \/>1. Os resultados ser\u00e3o publicados conforme cronograma, neste site;<br \/>2. Todos os trabalhos aprovados e apresentados ser\u00e3o publicados nos anais do evento;<br \/>3. A avalia\u00e7\u00e3o ser\u00e1 cega, o que significa que os avaliadores receber\u00e3o apenas o corpo do resumo para avaliar;<br \/>4. Os avaliadores n\u00e3o poder\u00e3o submeter seus resumos na mesma edi\u00e7\u00e3o deste congresso em que avaliam;<br \/>5. Ser\u00e3o atribu\u00eddas notas individuais por:<br \/>- originalidade e relev\u00e2ncia do trabalho;<br \/>- fundamenta\u00e7\u00e3o;<br \/>- m\u00e9todo de investiga\u00e7\u00e3o condizente com o objetivo proposto;<br \/>- resultados apresentados de forma clara e coerente;<br \/>- conclus\u00e3o deve responder aos objetivos;<br \/>- coer\u00eancia entre as partes do trabalho, reda\u00e7\u00e3o adequada em rela\u00e7\u00e3o \u00e0 elabora\u00e7\u00e3o cient\u00edfica e normas ortogr\u00e1ficas;<br \/>6. Com a soma total de cada avalia\u00e7\u00e3o ser\u00e1 feita a m\u00e9dia aritm\u00e9tica. Caso haja uma discrep\u00e2ncia de notas superior a 35%, o trabalho ser\u00e1 submetido a um terceiro avaliador, que ser\u00e1 inclu\u00eddo na m\u00e9dia;<br \/>7. Os casos omissos ser\u00e3o resolvidos pela organiza\u00e7\u00e3o do Congresso Brasileiro de F\u00edsica, quando necess\u00e1rio.<\/p>\r\n<p>Todos os trabalhos <strong>dever\u00e3o <\/strong>ser submetidos no <strong>formato PDF<\/strong> e LaTeX, usando o <strong>estilo Vancouver<\/strong> e seguindo o modelo LaTex disponibilizado <a href=\"https:\/\/www.overleaf.com\/latex\/templates\/template-para-resumo-expandido-revista-brasileira-de-fisica\/qsgykqbsbwhg\" target=\"_blank\" rel=\"noopener\">aqui para Resumo expandido<\/a> e <a href=\"https:\/\/www.overleaf.com\/latex\/templates\/template-para-resumo-simples-revista-brasileira-de-fisica\/hhhvvqbrqtpx\" target=\"_blank\" rel=\"noopener\">aqui para Resumo simples<\/a>. Voc\u00ea ainda pode enviar seu manuscrito (no estilo Vancouver) e utilizar o servi\u00e7o de transcri\u00e7\u00e3o para o LaTeX, onde um colaborador transfere seu manuscrito do seu arquivo para o modelo do peri\u00f3dico. Este servi\u00e7o \u00e9 gratuito para quem \u00e9 assinante do <a href=\"https:\/\/www.revistabrasileiradefisica.com\/clube\">Clube de F\u00edsica<\/a>.<\/p>\r\n<p style=\"background-color: orange; padding: 5px; color: #fff; font-weight: bold; font-size: 20px;\" align=\"center\">PRAZO ENCERRADO para enviar resumos.<\/p>\r\n<p><!-- \/wp:paragraph --><\/p>\r\n<hr size=\"1\" \/>\r\n<p><!-- wp:heading {\"level\":4} --><\/p>\r\n<h4>Submiss\u00e3o de proposta de palestra<\/h4>\r\n<p><a name=\"proppalestra\"><\/a><\/p>\r\n<p><!-- \/wp:heading -->\r\n\r\n<!-- wp:paragraph {\"fontSize\":\"small\"} --><\/p>\r\n<p class=\"has-small-font-size\">Convidamos voc\u00ea a submeter uma proposta de palestra, mini-curso ou oficina. <b>PREMIA\u00c7\u00c3O: nos dias de evento estar\u00e1 aberta uma vota\u00e7\u00e3o para escolher a melhor palestra. O vencedor ganhar\u00e1 um pr\u00eamio de R$ 50 e 1 ano de assinatura do Clube de F\u00edsica!<\/b> Mas antes, leia atentamente as informa\u00e7\u00f5es abaixo:<\/p>\r\n<p><!-- \/wp:paragraph -->\r\n\r\n<!-- wp:list {\"fontSize\":\"small\"} --><\/p>\r\n<ul class=\"has-small-font-size\">\r\n<li>Preencha corretamente o formul\u00e1rio abaixo (todos os campos s\u00e3o obrigat\u00f3rios);<\/li>\r\n<li>Observe o campo Lattes para inserir a URL p\u00fablica do seu curr\u00edculo. Na edi\u00e7\u00e3o anterior muitas propostas foram desconsideradas por n\u00e3o preencherem corretamente este campo, impossibilitando a devida avalia\u00e7\u00e3o da pessoa que iria palestrar;<\/li>\r\n<li>O tema da apresenta\u00e7\u00e3o \u00e9 livre (dentro da \u00e1rea da f\u00edsica);<\/li>\r\n<li>Se voc\u00ea ainda est\u00e1 na gradua\u00e7\u00e3o, tamb\u00e9m pode submeter sua proposta de apresenta\u00e7\u00e3o;<\/li>\r\n<li>As apresenta\u00e7\u00f5es precisam ter no m\u00ednimo:\r\n<ul>\r\n<li>45 minutos, para palestras e oficinas;<\/li>\r\n<li>3 encontros de, no m\u00ednimo, 30 minutos, para mini-cursos;<\/li>\r\n<\/ul>\r\n<\/li>\r\n<li>Cada proposta passar\u00e1 por 3 etapas:\r\n<ul>\r\n<li>avalia\u00e7\u00e3o da proposta submetida via formul\u00e1rio at\u00e9 10 de maio;<\/li>\r\n<li>se aprovada, ser\u00e1 solicitado um v\u00eddeo de apresenta\u00e7\u00e3o de no m\u00ednimo 3 minutos, em alta resolu\u00e7\u00e3o, se apresentando e falando sobre o que ir\u00e1 palestrar. O v\u00eddeo precisa estar em boa resolu\u00e7\u00e3o para que, se aprovado, possa ser usado como material promocional para divulgar sua apresenta\u00e7\u00e3o. Este envio deve ocorrer em at\u00e9 10 dias ap\u00f3s a aprova\u00e7\u00e3o da proposta;<\/li>\r\n<li>se aprovado o v\u00eddeo, ser\u00e1 solicitado a grava\u00e7\u00e3o da palestra <strong>na \u00edntegra<\/strong>, para edi\u00e7\u00e3o e veicula\u00e7\u00e3o no dia de sua apresenta\u00e7\u00e3o no evento. Este envio deve ocorrer em at\u00e9 30 dias ap\u00f3s a aprova\u00e7\u00e3o da proposta;<\/li>\r\n<li>s\u00f3 ent\u00e3o, se aprovado o v\u00eddeo da apresenta\u00e7\u00e3o na \u00edntegra, \u00e9 que sua palestra estar\u00e1 confirmada para o evento.<\/li>\r\n<\/ul>\r\n<\/li>\r\n<li>Sendo aprovado, voc\u00ea precisar\u00e1 submeter ao menos 5 fotos em boa resolu\u00e7\u00e3o para serem usadas como material de divulga\u00e7\u00e3o de sua palestra. Este envio deve ocorrer em at\u00e9 5 dias, ap\u00f3s a aprova\u00e7\u00e3o da proposta;<\/li>\r\n<li>Requisitaremos ao menos 3 v\u00eddeos, de 15 \u00e0 30 segundos, onde voc\u00ea dever\u00e1 se apresentar e convidar as pessoas para sua palestra, para que possamos usar como material de divulga\u00e7\u00e3o de sua apresenta\u00e7\u00e3o. Este envio deve ocorrer em at\u00e9 10 dias, ap\u00f3s a aprova\u00e7\u00e3o da proposta;<\/li>\r\n<li>O dia e hor\u00e1rio do evento ser\u00e1 decidido conforme disponibilidade dos palestrantes. Inicialmente, o primeiro dia de evento ser\u00e1 em 18 de outubro;<\/li>\r\n<li>No dia e hor\u00e1rio de sua palestra, voc\u00ea precisar\u00e1 estar dispon\u00edvel para participar do chat e interagir com seu p\u00fablico. Caso n\u00e3o seja poss\u00edvel, informe a organiza\u00e7\u00e3o com anteced\u00eancia para que possamos informar \u00e0s pessoas que estar\u00e3o online de que voc\u00ea ir\u00e1 responder \u00e0s perguntas posteriormente;<\/li>\r\n<li>Qualquer d\u00favida, n\u00e3o deixe de nos contatar: <a href=\"mailto:contato@revistabrasileiradefisica.com\"><strong>contato@revistabrasileiradefisica.com<\/strong><\/a><\/li>\r\n<\/ul>\r\n<p><!-- \/wp:list -->\r\n\r\n<!-- wp:contact-form-7\/contact-form-selector {\"id\":395,\"title\":\"Proposta de palestra\"} --><\/p>\r\n<p style=\"background-color: orange; padding: 5px; color: #fff; font-weight: bold; font-size: 20px;\" align=\"center\">PRAZO ENCERRADO para enviar propostas de palestras.<\/p>\r\n<p><!-- \/wp:contact-form-7\/contact-form-selector --><\/p>\r\n<hr size=\"1\" \/>\r\n<p><!-- wp:html --><\/p>\r\n<h4>Cronograma<\/h4>\r\n<p><a name=\"cronograma\"><\/a><\/p>\r\n<p class=\"has-small-font-size\">\r\n<strike>30\/04<\/strike> 10\/06 (<b style='color:green'>prorrogado<\/b>): encerramento do prazo para envio de trabalhos (resumos e propostas de palestras)<br \/>\r\n30\/05: divulga\u00e7\u00e3o dos trabalhos aceitos<br \/>30\/05: divulga\u00e7\u00e3o dos resumos selecionados para apresenta\u00e7\u00e3o oral<br \/>\r\n10\/06: fim do prazo para envio das apresenta\u00e7\u00f5es gravadas (de resumos e palestras)<br \/>\r\n10\/06: in\u00edcio das inscri\u00e7\u00f5es para participa\u00e7\u00e3o como ouvinte<br \/>\r\n10\/10: fim das inscri\u00e7\u00f5es para participa\u00e7\u00e3o como ouvinte<br \/>\r\n11\/10: in\u00edcio do IV Congresso Brasileiro de F\u00edsica<\/p>\r\n<p><!-- \/wp:list --><\/p>\r\n<hr size=\"1\" \/>\r\n<p><!-- wp:html --><\/p>\r\n<h4>Organiza\u00e7\u00e3o<\/h4>\r\n<p><a name=\"organizacao\"><\/a><\/p>\r\n<p><!-- \/wp:html -->\r\n\r\n<!-- wp:paragraph {\"fontSize\":\"small\"} --><\/p>\r\n<p class=\"has-small-font-size\">O <strong>Congresso Brasileiro de F\u00edsica<\/strong> \u00e9 uma iniciativa da<strong> Revista Brasileira de F\u00edsica<\/strong>, com o objetivo de proporcionar \u00e0 professores e profissionais da \u00e1rea um espa\u00e7o de relev\u00e2ncia no meio acad\u00eamico, especialmente \u00e0 alunos que, de outra forma, n\u00e3o teriam condi\u00e7\u00f5es de arcar com os custos de se deslocar e participar de um congresso de grandes propor\u00e7\u00f5es, possibilitando assim que estes tenham a oportunidade de participar de um evento, at\u00e9 mesmo como palestrante, o que ir\u00e1 agregar em seu curr\u00edculo.<\/p>\r\n<p><!-- \/wp:paragraph -->\r\n\r\n<hr size=\"1\" \/>\r\n<!-- wp:heading {\"level\":4} --><\/p>\r\n<h4>Comiss\u00e3o organizadora<\/h4>\r\n<p><!-- \/wp:heading -->\r\n\r\n<!-- wp:paragraph {\"fontSize\":\"small\"} --><\/p>\r\n<p class=\"has-small-font-size\">Tiago Cardoso Floriano<br>\r\nEditor Geral da RBF<\/p>\r\n<p class=\"has-small-font-size\">Fernanda Motta<br>\r\nEditora Adjunta da RBF<\/p>\r\n<p class=\"has-small-font-size\">Andr\u00f4meda Surak Doge<br>\r\nDivulga\u00e7\u00e3o<\/p>\r\n<p><!-- \/wp:paragraph --><\/p>\r\n<hr size=\"1\" \/>\r\n<p><!-- wp:html --><\/p>\r\n<h4>Ajude \u00e0 divulgar!<\/h4>\r\n<p><a name=\"divulgacao\"><\/a><\/p>\r\n<p class=\"has-small-font-size\">Tanto a revista quanto o congresso s\u00e3o feitos por volunt\u00e1rios! Se voc\u00ea quer nos ajudar a divulgar, considere nos seguir nas redes sociais, interaja conosco, resposte em seus stories, comente, curta! Divulgue o material abaixo com seus colegas e amigos! Participe tamb\u00e9m como ouvinte, autor de resumo ou palestrante! Toda ajuda \u00e9 bem vinda para fazer deste um dos maiores eventos da F\u00edsica no pa\u00eds! Fa\u00e7a parte desta hist\u00f3ria!<\/p>\r\n<center><object data=\"\/rbf\/ivcbf.pdf\" height=\"500px\" width=\"100%\"><\/object>\r\n<img decoding=\"async\" loading=\"lazy\" src=\"https:\/\/revistabrasileiradefisica.com\/rbf\/wp-content\/uploads\/2025\/01\/1-300x212.jpg\" alt=\"\" width=\"300\" height=\"212\" class=\"alignnone size-medium wp-image-1477\" srcset=\"https:\/\/revistabrasileiradefisica.com\/rbf\/wp-content\/uploads\/2025\/01\/1-300x212.jpg 300w, https:\/\/revistabrasileiradefisica.com\/rbf\/wp-content\/uploads\/2025\/01\/1-1024x724.jpg 1024w, https:\/\/revistabrasileiradefisica.com\/rbf\/wp-content\/uploads\/2025\/01\/1-768x543.jpg 768w, https:\/\/revistabrasileiradefisica.com\/rbf\/wp-content\/uploads\/2025\/01\/1-1536x1086.jpg 1536w, https:\/\/revistabrasileiradefisica.com\/rbf\/wp-content\/uploads\/2025\/01\/1.jpg 2000w\" sizes=\"(max-width: 300px) 100vw, 300px\" \/>\r\n<img decoding=\"async\" loading=\"lazy\" src=\"https:\/\/revistabrasileiradefisica.com\/rbf\/wp-content\/uploads\/2025\/01\/2-300x212.jpg\" alt=\"\" width=\"300\" height=\"212\" class=\"alignnone size-medium wp-image-1478\" srcset=\"https:\/\/revistabrasileiradefisica.com\/rbf\/wp-content\/uploads\/2025\/01\/2-300x212.jpg 300w, https:\/\/revistabrasileiradefisica.com\/rbf\/wp-content\/uploads\/2025\/01\/2-1024x724.jpg 1024w, https:\/\/revistabrasileiradefisica.com\/rbf\/wp-content\/uploads\/2025\/01\/2-768x543.jpg 768w, https:\/\/revistabrasileiradefisica.com\/rbf\/wp-content\/uploads\/2025\/01\/2-1536x1086.jpg 1536w, https:\/\/revistabrasileiradefisica.com\/rbf\/wp-content\/uploads\/2025\/01\/2.jpg 2000w\" sizes=\"(max-width: 300px) 100vw, 300px\" \/><\/center>\r\n\r\n\r\n<p class=\"has-small-font-size\" style=\"display: none;\">Nesta edi\u00e7\u00e3o teremos uma novidade para nos ajudar com a divulga\u00e7\u00e3o! O objetivo, tanto da Revista Brasileira de F\u00edsica quanto do Congresso Brasileiro de F\u00edsica sempre foi oportunizar \u00e0 todas as pessoas o acesso a um grande evento e a um grande peri\u00f3dico cient\u00edfico, especialmente para quem est\u00e1 iniciando esta jornada. Por isso, n\u00e3o dispomos de muitos recursos al\u00e9m do que \u00e9 doado, o que nos possibilita apenas manter as condi\u00e7\u00f5es m\u00ednimas de infraestrutura. Com isso, todo o trabalho de arte, programa\u00e7\u00e3o, edi\u00e7\u00e3o, organiza\u00e7\u00e3o e divulga\u00e7\u00e3o acaba sendo um trabalho volunt\u00e1rio realizado pelas pessoas que fazem parte da nossa equipe ou que colaboram conosco.<\/p>\r\n<p class=\"has-small-font-size\" style=\"display: none;\">Sendo assim, este ano iremos premiar quem nos ajuda a divulgar e levar a not\u00edcia deste evento. <b>Os 3 melhores colocados ganhar\u00e3o, respectivamente, at\u00e9 R$ 50, R$ 25 e R$ 10<\/b>.<\/p>\r\n<p class=\"has-small-font-size\" style=\"display: none;\"><b>Como ir\u00e1 funcionar?<\/b> Ao se cadastrar como divulgador, voc\u00ea receber\u00e1 um link \u00fanico. Este ser\u00e1 o link que voc\u00ea ir\u00e1 usar para divulgar o evento. Cada vez que uma pessoa acessar este link, iremos registrar como uma visita. Se esta pessoa enviar um resumo, submeter uma palestra ou se inscrever como ouvinte, saberemos que ela veio do seu link. Cada um desses itens ser\u00e1 contado no formato de pontos:<\/p>\r\n<p class=\"has-small-font-size\"><style type=\"text\/css\">\r\n.tg  {border-collapse:collapse;border-color:#ccc;border-spacing:0;margin:0px auto;}\r\n.tg td{background-color:#fff;border-color:#ccc;border-style:solid;border-width:1px;color:#333;\r\n  font-family:Arial, sans-serif;font-size:14px;overflow:hidden;padding:10px 5px;word-break:normal;}\r\n.tg th{background-color:#f0f0f0;border-color:#ccc;border-style:solid;border-width:1px;color:#333;\r\n  font-family:Arial, sans-serif;font-size:14px;font-weight:normal;overflow:hidden;padding:10px 5px;word-break:normal;}\r\n.tg .tg-0lax{text-align:left;vertical-align:top}\r\n<\/style><\/p>\r\n<table class=\"tg\" style=\"undefined;table-layout: fixed; width: 100%; display: none;\"><colgroup> <col style=\"width: 25%;\" \/> <col style=\"width: 75%;\" \/> <\/colgroup>\r\n<thead>\r\n<tr>\r\n<th class=\"tg-0lax\">A\u00e7\u00e3o<\/th>\r\n<th class=\"tg-0lax\">Pontos<\/th>\r\n<\/tr>\r\n<\/thead>\r\n<tbody>\r\n<tr>\r\n<td class=\"tg-0lax\">Visitas<\/td>\r\n<td class=\"tg-0lax\">1 ponto<\/td>\r\n<\/tr>\r\n<tr>\r\n<td class=\"tg-0lax\">Envio de resumo<\/td>\r\n<td class=\"tg-0lax\">x2: multiplica o total de pontos no final por 2, para cada envio v\u00e1lido<\/td>\r\n<\/tr>\r\n<tr>\r\n<td class=\"tg-0lax\">Envio de resumo aprovado<\/td>\r\n<td class=\"tg-0lax\">x4: multiplica o total de pontos no final por 4, para cada resumo aprovado<\/td>\r\n<\/tr>\r\n<tr>\r\n<td class=\"tg-0lax\">Envio de palestra<\/td>\r\n<td class=\"tg-0lax\">x4: multiplica o total de pontos no final por 4, para cada envio v\u00e1lido<\/td>\r\n<\/tr>\r\n<tr>\r\n<td class=\"tg-0lax\">Envio de palestra aprovado<\/td>\r\n<td class=\"tg-0lax\">x8: multiplica o total de pontos no final por 8, para cada palestra veiculada<\/td>\r\n<\/tr>\r\n<tr>\r\n<td class=\"tg-0lax\">Inscri\u00e7\u00e3o como ouvinte<\/td>\r\n<td class=\"tg-0lax\">3 pontos<\/td>\r\n<\/tr>\r\n<\/tbody>\r\n<\/table>\r\n<p class=\"has-small-font-size\" style=\"display: none;\">No final, os multiplicadores ser\u00e3o aplicados na ordem de apresenta\u00e7\u00e3o acima.<\/p>\r\n<p class=\"has-small-font-size\" style=\"display: none;\"><a href=\"#\">Clique aqui<\/a> para se cadastrar como divulgador ou para visualizar o ranking atualizado em tempo real.<\/p>\r\n<hr style=\"display: none;\" \/>\r\n<p class=\"has-small-font-size\">Em todas as edi\u00e7\u00f5es, buscamos empresas parceiras para nos ajudar a realizar este grande evento! Entre em contato conosco e saiba como participar: <a href=\"mailto:contato@revistabrasileiradefisica.com\">contato@revistabrasileiradefisica.com<\/a><\/p>\r\n<p><img decoding=\"async\" class=\"alignnone size-medium wp-image-1108\" src=\"https:\/\/revistabrasileiradefisica.com\/rbf\/wp-content\/uploads\/2023\/03\/eau-de-parfum2.png\" alt=\"\" \/><\/p>","protected":false},"excerpt":{"rendered":"<p>P\u00e1gina inicial | Edi\u00e7\u00f5es anteriores | Cronograma | Inscri\u00e7\u00f5es | Envio de resumos (encerrado) | Propostas de palestras | Organiza\u00e7\u00e3o | Ajude \u00e0 divulgar! Come\u00e7aram [&#8230;]<\/p>\n","protected":false},"author":1,"featured_media":0,"parent":210,"menu_order":0,"comment_status":"closed","ping_status":"closed","template":"","meta":{"_mi_skip_tracking":false,"_monsterinsights_sitenote_active":false,"_monsterinsights_sitenote_note":"","_monsterinsights_sitenote_category":0},"_links":{"self":[{"href":"https:\/\/revistabrasileiradefisica.com\/rbf\/wp-json\/wp\/v2\/pages\/1293"}],"collection":[{"href":"https:\/\/revistabrasileiradefisica.com\/rbf\/wp-json\/wp\/v2\/pages"}],"about":[{"href":"https:\/\/revistabrasileiradefisica.com\/rbf\/wp-json\/wp\/v2\/types\/page"}],"author":[{"embeddable":true,"href":"https:\/\/revistabrasileiradefisica.com\/rbf\/wp-json\/wp\/v2\/users\/1"}],"replies":[{"embeddable":true,"href":"https:\/\/revistabrasileiradefisica.com\/rbf\/wp-json\/wp\/v2\/comments?post=1293"}],"version-history":[{"count":59,"href":"https:\/\/revistabrasileiradefisica.com\/rbf\/wp-json\/wp\/v2\/pages\/1293\/revisions"}],"predecessor-version":[{"id":1655,"href":"https:\/\/revistabrasileiradefisica.com\/rbf\/wp-json\/wp\/v2\/pages\/1293\/revisions\/1655"}],"up":[{"embeddable":true,"href":"https:\/\/revistabrasileiradefisica.com\/rbf\/wp-json\/wp\/v2\/pages\/210"}],"wp:attachment":[{"href":"https:\/\/revistabrasileiradefisica.com\/rbf\/wp-json\/wp\/v2\/media?parent=1293"}],"curies":[{"name":"wp","href":"https:\/\/api.w.org\/{rel}","templated":true}]}}