{"id":1148,"date":"2023-03-29T12:19:15","date_gmt":"2023-03-29T15:19:15","guid":{"rendered":"https:\/\/revistabrasileiradefisica.com\/rbf\/?page_id=1148"},"modified":"2023-03-29T12:19:15","modified_gmt":"2023-03-29T15:19:15","slug":"parceiros","status":"publish","type":"page","link":"https:\/\/revistabrasileiradefisica.com\/rbf\/parceiros\/","title":{"rendered":"Cadastro de parceiros"},"content":{"rendered":"<p>Se voc\u00ea ou sua empresa presta um servi\u00e7o e deseja ofertar vouchers, descontos, isen\u00e7\u00e3o em algum servi\u00e7o (anamnese, entrevista inicial, consulta inicial, etc) a fim de atrair mais clientes, preencha o formul\u00e1rio abaixo com sua proposta. <\/p>\n<div role=\"form\" class=\"wpcf7\" id=\"wpcf7-f1147-o1\" lang=\"pt-PT\" dir=\"ltr\">\n<div class=\"screen-reader-response\"><p role=\"status\" aria-live=\"polite\" aria-atomic=\"true\"><\/p> <ul><\/ul><\/div>\n<form action=\"\/rbf\/wp-json\/wp\/v2\/pages\/1148#wpcf7-f1147-o1\" method=\"post\" class=\"wpcf7-form init\" novalidate=\"novalidate\" data-status=\"init\">\n<div style=\"display: none;\">\n<input type=\"hidden\" name=\"_wpcf7\" value=\"1147\" \/>\n<input type=\"hidden\" name=\"_wpcf7_version\" value=\"5.5.6.1\" \/>\n<input type=\"hidden\" name=\"_wpcf7_locale\" value=\"pt_PT\" \/>\n<input type=\"hidden\" name=\"_wpcf7_unit_tag\" value=\"wpcf7-f1147-o1\" \/>\n<input type=\"hidden\" name=\"_wpcf7_container_post\" value=\"0\" \/>\n<input type=\"hidden\" name=\"_wpcf7_posted_data_hash\" value=\"\" \/>\n<\/div>\n<p><label> Nome completo<br \/>\n    <span class=\"wpcf7-form-control-wrap nome\"><input type=\"text\" name=\"nome\" value=\"\" size=\"40\" class=\"wpcf7-form-control wpcf7-text wpcf7-validates-as-required\" aria-required=\"true\" aria-invalid=\"false\" \/><\/span> <\/label><\/p>\n<p><label> Profiss\u00e3o<br \/>\n    <span class=\"wpcf7-form-control-wrap profissao\"><input type=\"text\" name=\"profissao\" value=\"\" size=\"40\" class=\"wpcf7-form-control wpcf7-text wpcf7-validates-as-required\" aria-required=\"true\" aria-invalid=\"false\" \/><\/span> <\/label><\/p>\n<p><label> Registro em Conselho de Classe (se aplic\u00e1vel)<br \/>\n    <span class=\"wpcf7-form-control-wrap registro\"><input type=\"text\" name=\"registro\" value=\"\" size=\"40\" class=\"wpcf7-form-control wpcf7-text wpcf7-validates-as-required\" aria-required=\"true\" aria-invalid=\"false\" \/><\/span> <\/label><\/p>\n<p><label> Empresa (se aplic\u00e1vel)<br \/>\n    <span class=\"wpcf7-form-control-wrap empresa\"><input type=\"text\" name=\"empresa\" value=\"\" size=\"40\" class=\"wpcf7-form-control wpcf7-text\" aria-invalid=\"false\" \/><\/span> <\/label><\/p>\n<p><label> E-mail<br \/>\n    <span class=\"wpcf7-form-control-wrap email\"><input type=\"email\" name=\"email\" value=\"\" size=\"40\" class=\"wpcf7-form-control wpcf7-text wpcf7-email wpcf7-validates-as-required wpcf7-validates-as-email\" aria-required=\"true\" aria-invalid=\"false\" \/><\/span> <\/label><\/p>\n<p><label> Whatsapp<br \/>\n    <span class=\"wpcf7-form-control-wrap whats\"><input type=\"text\" name=\"whats\" value=\"\" size=\"40\" class=\"wpcf7-form-control wpcf7-text wpcf7-validates-as-required\" aria-required=\"true\" aria-invalid=\"false\" \/><\/span> <\/label><\/p>\n<p><label> Proposta<br \/>\n    <span class=\"wpcf7-form-control-wrap proposta\"><textarea name=\"proposta\" cols=\"40\" rows=\"10\" class=\"wpcf7-form-control wpcf7-textarea wpcf7-validates-as-required\" aria-required=\"true\" aria-invalid=\"false\"><\/textarea><\/span> <\/label><\/p>\n<p><label> Qual percentual de desconto nossos assinantes receber\u00e3o contratando voc\u00ea?<br \/>\n    <span class=\"wpcf7-form-control-wrap desconto\"><input type=\"text\" name=\"desconto\" value=\"\" size=\"40\" class=\"wpcf7-form-control wpcf7-text wpcf7-validates-as-required\" aria-required=\"true\" aria-invalid=\"false\" \/><\/span> <\/label><\/p>\n<p><label> H\u00e1 algum servi\u00e7o que possa ser ofertado gratuitamente? (Ex.: um psicanalista realiza uma entrevista inicial, e a oferta como gratuita para cobrar as sess\u00f5es seguintes)<br \/>\n    <span class=\"wpcf7-form-control-wrap gratuito\"><input type=\"text\" name=\"gratuito\" value=\"\" size=\"40\" class=\"wpcf7-form-control wpcf7-text\" aria-invalid=\"false\" \/><\/span> <\/label><\/p>\n<p><input type=\"submit\" value=\"Enviar\" class=\"wpcf7-form-control has-spinner wpcf7-submit\" \/><\/p>\n<div class=\"wpcf7-response-output\" aria-hidden=\"true\"><\/div><\/form><\/div>\n","protected":false},"excerpt":{"rendered":"<p>Se voc\u00ea ou sua empresa presta um servi\u00e7o e deseja ofertar vouchers, descontos, isen\u00e7\u00e3o em algum servi\u00e7o (anamnese, entrevista inicial, consulta inicial, etc) a fim [&#8230;]<\/p>\n","protected":false},"author":1,"featured_media":0,"parent":0,"menu_order":0,"comment_status":"closed","ping_status":"closed","template":"","meta":{"_mi_skip_tracking":false,"_monsterinsights_sitenote_active":false,"_monsterinsights_sitenote_note":"","_monsterinsights_sitenote_category":0},"_links":{"self":[{"href":"https:\/\/revistabrasileiradefisica.com\/rbf\/wp-json\/wp\/v2\/pages\/1148"}],"collection":[{"href":"https:\/\/revistabrasileiradefisica.com\/rbf\/wp-json\/wp\/v2\/pages"}],"about":[{"href":"https:\/\/revistabrasileiradefisica.com\/rbf\/wp-json\/wp\/v2\/types\/page"}],"author":[{"embeddable":true,"href":"https:\/\/revistabrasileiradefisica.com\/rbf\/wp-json\/wp\/v2\/users\/1"}],"replies":[{"embeddable":true,"href":"https:\/\/revistabrasileiradefisica.com\/rbf\/wp-json\/wp\/v2\/comments?post=1148"}],"version-history":[{"count":1,"href":"https:\/\/revistabrasileiradefisica.com\/rbf\/wp-json\/wp\/v2\/pages\/1148\/revisions"}],"predecessor-version":[{"id":1149,"href":"https:\/\/revistabrasileiradefisica.com\/rbf\/wp-json\/wp\/v2\/pages\/1148\/revisions\/1149"}],"wp:attachment":[{"href":"https:\/\/revistabrasileiradefisica.com\/rbf\/wp-json\/wp\/v2\/media?parent=1148"}],"curies":[{"name":"wp","href":"https:\/\/api.w.org\/{rel}","templated":true}]}}