{"id":1076,"date":"2023-01-18T17:20:10","date_gmt":"2023-01-18T20:20:10","guid":{"rendered":"https:\/\/revistabrasileiradefisica.com\/rbf\/?page_id=1076"},"modified":"2024-06-12T09:01:24","modified_gmt":"2024-06-12T12:01:24","slug":"iii","status":"publish","type":"page","link":"https:\/\/revistabrasileiradefisica.com\/rbf\/congresso\/iii\/","title":{"rendered":"III Congresso Brasileiro de F\u00edsica"},"content":{"rendered":"\r\n<p class=\"has-small-font-size\"><a href=\"https:\/\/revistabrasileiradefisica.com\/rbf\/congresso\/ii\/\" data-type=\"page\" data-id=\"356\">P\u00e1gina inicial<\/a> | <a href=\"https:\/\/revistabrasileiradefisica.com\/rbf\/congresso\/\" data-type=\"page\" data-id=\"213\">Edi\u00e7\u00f5es anterior<\/a> | <a href=\"#cronograma\">Cronograma<\/a> | <a href=\"#inscricoes\">Inscri\u00e7\u00f5es<\/a> | <a href=\"#resumos\">Resumos<\/a> | <a href=\"#proppalestra\">Propostas de palestras<\/a> | <a href=\"#organizacao\">Organiza\u00e7\u00e3o<\/a> | <a href=\"#divulgacao\">Ajude \u00e0 divulgar!<\/a><\/p>\r\n<hr \/>\r\n<p class=\"has-small-font-size\">Come\u00e7aram oficialmente os trabalhos para o III Congresso Brasileiro de F\u00edsica, que tem por objetivo mostrar o que est\u00e1 sendo feito em termos de ci\u00eancia na F\u00edsica em nosso pa\u00eds, desde a gradua\u00e7\u00e3o at\u00e9 os n\u00edveis mais altos de conhecimento e pesquisa!<\/p>\r\n<p><img decoding=\"async\" class=\"alignnone size-medium wp-image-1108\" src=\"https:\/\/revistabrasileiradefisica.com\/rbf\/wp-content\/uploads\/2023\/03\/eau-de-parfum1.png\" alt=\"\" \/><\/p>\r\n<h2 class=\"has-small-font-size\">O evento \u00e9 totalmente <strong>gratuito<\/strong>, sem taxa de inscri\u00e7\u00e3o ou qualquer outra taxa.<\/h2>\r\n<!-- \/wp:list -->\r\n\r\n<!-- wp:paragraph {\"fontSize\":\"small\"} -->\r\n<p class=\"has-small-font-size\">Uma mudan\u00e7a que havia sido solicitada mas que n\u00e3o ser\u00e1 poss\u00edvel \u00e9 que o evento seja <strong>s\u00edncrono<\/strong>. Na edi\u00e7\u00e3o anterior tivemos problemas com palestrantes que n\u00e3o enviaram suas palestras a tempo, tampouco justificaram suas aus\u00eancias, mesmo ap\u00f3s a divulga\u00e7\u00e3o de suas palestras. Isso fez com que nosso evento ficasse mais enxuto do que gostar\u00edamos, mesmo sendo ass\u00edncrono. Este ano, manteremos o formato ass\u00edncrono, mas toda a programa\u00e7\u00e3o estar\u00e1 devidamente pronta antes do in\u00edcio das inscri\u00e7\u00f5es. Nenhuma palestra ser\u00e1 divulgada sem que j\u00e1 a tenhamos recebido devidamente gravada e editada. No dia da palestra, disponibilizaremos um espa\u00e7o para que a pessoa que estar\u00e1 palestrando possa interagir no chat com seu p\u00fablico.<\/p>\r\n<hr \/>\r\n<h4>Inscri\u00e7\u00f5es<\/h4>\r\n<p><a name=\"inscricoes\"><\/a><\/p>\r\n<p><!-- \/wp:html -->\r\n\r\n<!-- wp:paragraph {\"fontSize\":\"small\"} --><\/p>\r\n<p class=\"has-small-font-size\">As inscri\u00e7\u00f5es s\u00e3o <b>gratuitas<\/b>, com certificado de participa\u00e7\u00e3o. Para se inscrever clique <a href=\"https:\/\/www.even3.com.br\/congressobrasileirodefisica\/\" rel=\"noopener\" target=\"_blank\">aqui<\/a>. Voc\u00ea ser\u00e1 direcionado para a plataforma Even3.\r\n<p>&nbsp;<\/p>\r\n<p><!-- \/wp:paragraph --><\/p>\r\n<hr size=\"1\" \/>\r\n<p><!-- wp:html --><\/p>\r\n<h4>Submiss\u00e3o de resumos<\/h4>\r\n<p><a name=\"resumos\"><\/a><\/p>\r\n<p><!-- \/wp:html -->\r\n\r\n<!-- wp:paragraph {\"fontSize\":\"small\"} --><\/p>\r\n<p class=\"has-small-font-size\">0. S\u00f3 ser\u00e3o aceitos trabalhos in\u00e9ditos, n\u00e3o publicados em nenhum outro local;<br \/>1. Ser\u00e3o aceitos trabalhos envolvendo qualquer \u00e1rea da F\u00edsica, posteriormente ser\u00e3o organizados por \u00e1reas tem\u00e1ticas para publica\u00e7\u00e3o nos anais;<br \/>2. Podem realizar a submiss\u00e3o de trabalhos graduandos (n\u00e3o necessita de orientador), graduados, mestres e doutores, e especialistas, sendo limitado a at\u00e9 2 autores por resumo;<br \/>3. Cada autor pode submeter at\u00e9 3 resumos;<br \/>4. Alguns autores poder\u00e3o ser convidados a apresentar seus trabalhos, sob forma de v\u00eddeo previamente gravado, que tamb\u00e9m ser\u00e1 avaliado, com at\u00e9 10 minutos de dura\u00e7\u00e3o. A quantidade de trabalhos ser\u00e1 definida ap\u00f3s a defini\u00e7\u00e3o da programa\u00e7\u00e3o do evento;<br \/>5. N\u00e3o ser\u00e1 poss\u00edvel realizar qualquer altera\u00e7\u00e3o no resumo enviado;<br \/>6. O corpo do resumo deve conter entre 300 e 500 palavras, seguindo as normas da ABNT como resumo simples, e devem conter introdu\u00e7\u00e3o, objetivo, m\u00e9todo, resultados e conclus\u00e3o. O t\u00edtulo n\u00e3o pode conter mais do que 15 palavras;<br \/>7. N\u00e3o pode conter tabelas, gr\u00e1ficos ou imagens;<br \/>8. Os casos omissos ser\u00e3o resolvidos pela organiza\u00e7\u00e3o do Congresso Brasileiro de F\u00edsica, quando necess\u00e1rio.<br \/><br \/>AVALIA\u00c7\u00c3O<br \/><br \/>0. Cada trabalho submetido ser\u00e1 revisado por 2 avaliadores;<br \/>1. Os resultados ser\u00e3o publicados conforme cronograma, neste site;<br \/>2. Todos os trabalhos aprovados e apresentados ser\u00e3o publicados nos anais do evento;<br \/>3. A avalia\u00e7\u00e3o ser\u00e1 cega, o que significa que os avaliadores receber\u00e3o apenas o corpo do resumo para avaliar;<br \/>4. Os avaliadores n\u00e3o poder\u00e3o submeter seus resumos na mesma edi\u00e7\u00e3o deste congresso em que avaliam;<br \/>5. Ser\u00e3o atribu\u00eddas notas individuais por:<br \/>&#8211; originalidade e relev\u00e2ncia do trabalho;<br \/>&#8211; fundamenta\u00e7\u00e3o;<br \/>&#8211; m\u00e9todo de investiga\u00e7\u00e3o condizente com o objetivo proposto;<br \/>&#8211; resultados apresentados de forma clara e coerente;<br \/>&#8211; conclus\u00e3o deve responder aos objetivos;<br \/>&#8211; coer\u00eancia entre as partes do trabalho, reda\u00e7\u00e3o adequada em rela\u00e7\u00e3o \u00e0 elabora\u00e7\u00e3o cient\u00edfica e normas ortogr\u00e1ficas;<br \/>6. Com a soma total de cada avalia\u00e7\u00e3o ser\u00e1 feita a m\u00e9dia aritm\u00e9tica. Caso haja uma discrep\u00e2ncia de notas superior a 35%, o trabalho ser\u00e1 submetido a um terceiro avaliador, que ser\u00e1 inclu\u00eddo na m\u00e9dia;<br \/>7. Os casos omissos ser\u00e3o resolvidos pela organiza\u00e7\u00e3o do Congresso Brasileiro de F\u00edsica, quando necess\u00e1rio.<\/p>\r\n<p><b>Prazo encerrado!<\/b><\/p>\r\n<p><!-- \/wp:paragraph --><\/p>\r\n<hr size=\"1\" \/>\r\n<p><!-- wp:heading {\"level\":4} --><\/p>\r\n<h4>Submiss\u00e3o de proposta de palestra<\/h4>\r\n<p><a name=\"proppalestra\"><\/a><\/p>\r\n<p><!-- \/wp:heading -->\r\n\r\n<!-- wp:paragraph {\"fontSize\":\"small\"} --><\/p>\r\n<p class=\"has-small-font-size\">Convidamos voc\u00ea a submeter uma proposta de palestra, mini-curso ou oficina. Mas antes, leia atentamente as informa\u00e7\u00f5es abaixo:<\/p>\r\n<p><!-- \/wp:paragraph -->\r\n\r\n<!-- wp:list {\"fontSize\":\"small\"} --><\/p>\r\n<ul class=\"has-small-font-size\">\r\n<li>Preencha corretamente o formul\u00e1rio abaixo (todos os campos s\u00e3o obrigat\u00f3rios);<\/li>\r\n<li>Observe o campo Lattes para inserir a URL p\u00fablica do seu curr\u00edculo. Na edi\u00e7\u00e3o anterior muitas propostas foram desconsideradas por n\u00e3o preencherem corretamente este campo, impossibilitando a devida avalia\u00e7\u00e3o da pessoa que iria palestrar;<\/li>\r\n<li>O tema da apresenta\u00e7\u00e3o \u00e9 livre (dentro da \u00e1rea da f\u00edsica);<\/li>\r\n<li>Se voc\u00ea ainda est\u00e1 na gradua\u00e7\u00e3o, tamb\u00e9m pode submeter sua proposta de apresenta\u00e7\u00e3o;<\/li>\r\n<li>As apresenta\u00e7\u00f5es precisam ter no m\u00ednimo:\r\n<ul>\r\n<li>45 minutos, para palestras e oficinas;<\/li>\r\n<li>3 encontros de, no m\u00ednimo, 30 minutos, para mini-cursos;<\/li>\r\n<\/ul>\r\n<\/li>\r\n<li>Cada proposta passar\u00e1 por 3 etapas:\r\n<ul>\r\n<li>avalia\u00e7\u00e3o da proposta submetida via formul\u00e1rio at\u00e9 10 de maio;<\/li>\r\n<li>se aprovada, ser\u00e1 solicitado um v\u00eddeo de apresenta\u00e7\u00e3o de no m\u00ednimo 3 minutos, em alta resolu\u00e7\u00e3o, se apresentando e falando sobre o que ir\u00e1 palestrar. O v\u00eddeo precisa estar em boa resolu\u00e7\u00e3o para que, se aprovado, possa ser usado como material promocional para divulgar sua apresenta\u00e7\u00e3o. Este envio deve ocorrer em at\u00e9 10 dias ap\u00f3s a aprova\u00e7\u00e3o da proposta;<\/li>\r\n<li>se aprovado o v\u00eddeo, ser\u00e1 solicitado a grava\u00e7\u00e3o da palestra <strong>na \u00edntegra<\/strong>, para edi\u00e7\u00e3o e veicula\u00e7\u00e3o no dia de sua apresenta\u00e7\u00e3o no evento. Este envio deve ocorrer em at\u00e9 30 dias ap\u00f3s a aprova\u00e7\u00e3o da proposta;<\/li>\r\n<li>s\u00f3 ent\u00e3o, se aprovado o v\u00eddeo da apresenta\u00e7\u00e3o na \u00edntegra, \u00e9 que sua palestra estar\u00e1 confirmada para o evento.<\/li>\r\n<\/ul>\r\n<\/li>\r\n<li>Sendo aprovado, voc\u00ea precisar\u00e1 submeter ao menos 5 fotos em boa resolu\u00e7\u00e3o para serem usadas como material de divulga\u00e7\u00e3o de sua palestra. Este envio deve ocorrer em at\u00e9 5 dias, ap\u00f3s a aprova\u00e7\u00e3o da proposta;<\/li>\r\n<li>Requisitaremos ao menos 3 v\u00eddeos, de 15 \u00e0 30 segundos, onde voc\u00ea dever\u00e1 se apresentar e convidar as pessoas para sua palestra, para que possamos usar como material de divulga\u00e7\u00e3o de sua apresenta\u00e7\u00e3o. Este envio deve ocorrer em at\u00e9 10 dias, ap\u00f3s a aprova\u00e7\u00e3o da proposta;<\/li>\r\n<li>O dia e hor\u00e1rio do evento ser\u00e1 decidido conforme disponibilidade dos palestrantes. Inicialmente, o primeiro dia de evento ser\u00e1 em 18 de outubro;<\/li>\r\n<li>No dia e hor\u00e1rio de sua palestra, voc\u00ea precisar\u00e1 estar dispon\u00edvel para participar do chat e interagir com seu p\u00fablico. Caso n\u00e3o seja poss\u00edvel, informe a organiza\u00e7\u00e3o com anteced\u00eancia para que possamos informar \u00e0s pessoas que estar\u00e3o online de que voc\u00ea ir\u00e1 responder \u00e0s perguntas posteriormente;<\/li>\r\n<li>Qualquer d\u00favida, n\u00e3o deixe de nos contatar: <a href=\"mailto:contato@revistabrasileiradefisica.com\"><strong>contato@revistabrasileiradefisica.com<\/strong><\/a><\/li>\r\n<\/ul>\r\n<p><!-- \/wp:list -->\r\n\r\n<!-- wp:contact-form-7\/contact-form-selector {\"id\":395,\"title\":\"Proposta de palestra\"} --><\/p>\r\n<div class=\"wp-block-contact-form-7-contact-form-selector\"><b>Prazo encerrado!<\/b><\/div>\r\n<p><!-- \/wp:contact-form-7\/contact-form-selector --><\/p>\r\n<hr size=\"1\" \/>\r\n<p><!-- wp:html --><\/p>\r\n<h4>Cronograma<\/h4>\r\n<p><a name=\"cronograma\"><\/a><\/p>\r\n<p><!-- \/wp:html -->\r\n\r\n<!-- wp:list {\"fontSize\":\"small\"} --><\/p>\r\n<ul class=\"has-small-font-size\">\r\n<li>De 1\u00ba de fevereiro \u00e0 10 de maio\r\n<ul>\r\n<li>Recebimento das propostas de <strong>palestras e resumos <\/strong>para publica\u00e7\u00e3o nos anais<\/li>\r\n<li>Ao t\u00e9rmino deste prazo, findar\u00e1 a submiss\u00e3o de palestras, mas seguir\u00e1 o prazo para enviar resumos<\/li>\r\n<\/ul>\r\n<\/li>\r\n<li>30 de junho\r\n<ul>\r\n<li>Divulga\u00e7\u00e3o da <strong>programa\u00e7\u00e3o <\/strong>do evento<\/li>\r\n<li>Abertura das <strong>inscri\u00e7\u00f5es<\/strong><\/li>\r\n<\/ul>\r\n<\/li>\r\n<li>2 de setembro\r\n<ul>\r\n<li>\u00daltimo dia para envio de resumos para publica\u00e7\u00e3o nos anais<\/li>\r\n<\/ul>\r\n<\/li>\r\n<li>18 de outubro\r\n<ul>\r\n<li>1\u00ba dia do evento<\/li>\r\n<\/ul>\r\n<\/li>\r\n<li>\u00daltima dia do evento\r\n<ul>\r\n<li>In\u00edcio da vota\u00e7\u00e3o para a escolha dos melhores resumos da edi\u00e7\u00e3o, com base no painel de apresenta\u00e7\u00e3o de resumos<\/li>\r\n<\/ul>\r\n<\/li>\r\n<li>14 de novembro\r\n<ul>\r\n<li>Publica\u00e7\u00e3o dos anais<\/li>\r\n<li>Divulga\u00e7\u00e3o dos resumos premiados<\/li>\r\n<\/ul>\r\n<\/li>\r\n<\/ul>\r\n<p><!-- \/wp:list --><\/p>\r\n<hr size=\"1\" \/>\r\n<p><!-- wp:html --><\/p>\r\n<h4>Organiza\u00e7\u00e3o<\/h4>\r\n<p><a name=\"organizacao\"><\/a><\/p>\r\n<p><!-- \/wp:html -->\r\n\r\n<!-- wp:paragraph {\"fontSize\":\"small\"} --><\/p>\r\n<p class=\"has-small-font-size\">O <strong>Congresso Brasileiro de F\u00edsica<\/strong> \u00e9 uma iniciativa da<strong> Revista Brasileira de F\u00edsica<\/strong>, com o objetivo de proporcionar \u00e0 professores e profissionais da \u00e1rea um espa\u00e7o de relev\u00e2ncia no meio acad\u00eamico, especialmente \u00e0 alunos que, de outra forma, n\u00e3o teriam condi\u00e7\u00f5es de arcar com os custos de se deslocar e participar de um congresso de grandes propor\u00e7\u00f5es, possibilitando assim que estes tenham a oportunidade de participar de um evento, at\u00e9 mesmo como palestrante, o que ir\u00e1 agregar em seu curr\u00edculo.<\/p>\r\n<p><!-- \/wp:paragraph -->\r\n\r\n<!-- wp:heading {\"level\":4} --><\/p>\r\n<h4>Comiss\u00e3o organizadora<\/h4>\r\n<p><!-- \/wp:heading -->\r\n\r\n<!-- wp:paragraph {\"fontSize\":\"small\"} --><\/p>\r\n<p class=\"has-small-font-size\"><strong><a href=\"http:\/\/lattes.cnpq.br\/5835989184892454\" target=\"_blank\" rel=\"noreferrer noopener\" data-type=\"URL\" data-id=\"http:\/\/lattes.cnpq.br\/5835989184892454\">Tiago Floriano<br \/><\/a><\/strong><em>Editor na Revista Brasileira de F\u00edsica<\/em><\/p>\r\n<p><!-- \/wp:paragraph -->\r\n\r\n<!-- wp:paragraph {\"fontSize\":\"small\"} --><\/p>\r\n<p class=\"has-small-font-size\"><strong><a href=\"http:\/\/lattes.cnpq.br\/4261865946026272\" target=\"_blank\" rel=\"noreferrer noopener\" data-type=\"URL\" data-id=\"http:\/\/lattes.cnpq.br\/4261865946026272\">Jamile Justo<br \/><\/a><\/strong><em>Editora na Revista Brasileira de F\u00edsica<\/em><\/p>\r\n<p><!-- \/wp:paragraph --><\/p>\r\n<hr size=\"1\" \/>\r\n<p><!-- wp:html --><\/p>\r\n<h4>Ajude \u00e0 divulgar!<\/h4>\r\n<p><a name=\"divulgacao\"><\/a><\/p>\r\n<div id='gallery-1' class='gallery galleryid-1076 gallery-columns-3 gallery-size-medium'><figure class='gallery-item'>\n\t\t\t<div class='gallery-icon landscape'>\n\t\t\t\t<a href='https:\/\/revistabrasileiradefisica.com\/rbf\/wp-content\/uploads\/2023\/01\/divulga-iii-cbf1.png'><img width=\"300\" height=\"300\" src=\"https:\/\/revistabrasileiradefisica.com\/rbf\/wp-content\/uploads\/2023\/01\/divulga-iii-cbf1-300x300.png\" class=\"attachment-medium size-medium\" alt=\"\" decoding=\"async\" loading=\"lazy\" srcset=\"https:\/\/revistabrasileiradefisica.com\/rbf\/wp-content\/uploads\/2023\/01\/divulga-iii-cbf1-300x300.png 300w, https:\/\/revistabrasileiradefisica.com\/rbf\/wp-content\/uploads\/2023\/01\/divulga-iii-cbf1-1024x1024.png 1024w, https:\/\/revistabrasileiradefisica.com\/rbf\/wp-content\/uploads\/2023\/01\/divulga-iii-cbf1-150x150.png 150w, https:\/\/revistabrasileiradefisica.com\/rbf\/wp-content\/uploads\/2023\/01\/divulga-iii-cbf1-768x768.png 768w, https:\/\/revistabrasileiradefisica.com\/rbf\/wp-content\/uploads\/2023\/01\/divulga-iii-cbf1-400x400.png 400w, https:\/\/revistabrasileiradefisica.com\/rbf\/wp-content\/uploads\/2023\/01\/divulga-iii-cbf1.png 1080w\" sizes=\"(max-width: 300px) 100vw, 300px\" \/><\/a>\n\t\t\t<\/div><\/figure><figure class='gallery-item'>\n\t\t\t<div class='gallery-icon landscape'>\n\t\t\t\t<a href='https:\/\/revistabrasileiradefisica.com\/rbf\/wp-content\/uploads\/2023\/01\/divulga-iii-cbf2.png'><img width=\"300\" height=\"300\" src=\"https:\/\/revistabrasileiradefisica.com\/rbf\/wp-content\/uploads\/2023\/01\/divulga-iii-cbf2-300x300.png\" class=\"attachment-medium size-medium\" alt=\"\" decoding=\"async\" loading=\"lazy\" srcset=\"https:\/\/revistabrasileiradefisica.com\/rbf\/wp-content\/uploads\/2023\/01\/divulga-iii-cbf2-300x300.png 300w, https:\/\/revistabrasileiradefisica.com\/rbf\/wp-content\/uploads\/2023\/01\/divulga-iii-cbf2-1024x1024.png 1024w, https:\/\/revistabrasileiradefisica.com\/rbf\/wp-content\/uploads\/2023\/01\/divulga-iii-cbf2-150x150.png 150w, https:\/\/revistabrasileiradefisica.com\/rbf\/wp-content\/uploads\/2023\/01\/divulga-iii-cbf2-768x768.png 768w, https:\/\/revistabrasileiradefisica.com\/rbf\/wp-content\/uploads\/2023\/01\/divulga-iii-cbf2-400x400.png 400w, https:\/\/revistabrasileiradefisica.com\/rbf\/wp-content\/uploads\/2023\/01\/divulga-iii-cbf2.png 1080w\" sizes=\"(max-width: 300px) 100vw, 300px\" \/><\/a>\n\t\t\t<\/div><\/figure><figure class='gallery-item'>\n\t\t\t<div class='gallery-icon landscape'>\n\t\t\t\t<a href='https:\/\/revistabrasileiradefisica.com\/rbf\/wp-content\/uploads\/2023\/01\/divulga-iii-cbf3.png'><img width=\"300\" height=\"300\" src=\"https:\/\/revistabrasileiradefisica.com\/rbf\/wp-content\/uploads\/2023\/01\/divulga-iii-cbf3-300x300.png\" class=\"attachment-medium size-medium\" alt=\"\" decoding=\"async\" loading=\"lazy\" srcset=\"https:\/\/revistabrasileiradefisica.com\/rbf\/wp-content\/uploads\/2023\/01\/divulga-iii-cbf3-300x300.png 300w, https:\/\/revistabrasileiradefisica.com\/rbf\/wp-content\/uploads\/2023\/01\/divulga-iii-cbf3-1024x1024.png 1024w, https:\/\/revistabrasileiradefisica.com\/rbf\/wp-content\/uploads\/2023\/01\/divulga-iii-cbf3-150x150.png 150w, https:\/\/revistabrasileiradefisica.com\/rbf\/wp-content\/uploads\/2023\/01\/divulga-iii-cbf3-768x768.png 768w, https:\/\/revistabrasileiradefisica.com\/rbf\/wp-content\/uploads\/2023\/01\/divulga-iii-cbf3-400x400.png 400w, https:\/\/revistabrasileiradefisica.com\/rbf\/wp-content\/uploads\/2023\/01\/divulga-iii-cbf3.png 1080w\" sizes=\"(max-width: 300px) 100vw, 300px\" \/><\/a>\n\t\t\t<\/div><\/figure><figure class='gallery-item'>\n\t\t\t<div class='gallery-icon landscape'>\n\t\t\t\t<a href='https:\/\/revistabrasileiradefisica.com\/rbf\/wp-content\/uploads\/2023\/01\/divulga-iii-cbf5.png'><img width=\"300\" height=\"300\" src=\"https:\/\/revistabrasileiradefisica.com\/rbf\/wp-content\/uploads\/2023\/01\/divulga-iii-cbf5-300x300.png\" class=\"attachment-medium size-medium\" alt=\"\" decoding=\"async\" loading=\"lazy\" srcset=\"https:\/\/revistabrasileiradefisica.com\/rbf\/wp-content\/uploads\/2023\/01\/divulga-iii-cbf5-300x300.png 300w, https:\/\/revistabrasileiradefisica.com\/rbf\/wp-content\/uploads\/2023\/01\/divulga-iii-cbf5-1024x1024.png 1024w, https:\/\/revistabrasileiradefisica.com\/rbf\/wp-content\/uploads\/2023\/01\/divulga-iii-cbf5-150x150.png 150w, https:\/\/revistabrasileiradefisica.com\/rbf\/wp-content\/uploads\/2023\/01\/divulga-iii-cbf5-768x768.png 768w, https:\/\/revistabrasileiradefisica.com\/rbf\/wp-content\/uploads\/2023\/01\/divulga-iii-cbf5-400x400.png 400w, https:\/\/revistabrasileiradefisica.com\/rbf\/wp-content\/uploads\/2023\/01\/divulga-iii-cbf5.png 1080w\" sizes=\"(max-width: 300px) 100vw, 300px\" \/><\/a>\n\t\t\t<\/div><\/figure><figure class='gallery-item'>\n\t\t\t<div class='gallery-icon landscape'>\n\t\t\t\t<a href='https:\/\/revistabrasileiradefisica.com\/rbf\/wp-content\/uploads\/2023\/01\/divulga-iii-cbf.png'><img width=\"300\" height=\"300\" src=\"https:\/\/revistabrasileiradefisica.com\/rbf\/wp-content\/uploads\/2023\/01\/divulga-iii-cbf-300x300.png\" class=\"attachment-medium size-medium\" alt=\"\" decoding=\"async\" loading=\"lazy\" srcset=\"https:\/\/revistabrasileiradefisica.com\/rbf\/wp-content\/uploads\/2023\/01\/divulga-iii-cbf-300x300.png 300w, https:\/\/revistabrasileiradefisica.com\/rbf\/wp-content\/uploads\/2023\/01\/divulga-iii-cbf-1024x1024.png 1024w, https:\/\/revistabrasileiradefisica.com\/rbf\/wp-content\/uploads\/2023\/01\/divulga-iii-cbf-150x150.png 150w, https:\/\/revistabrasileiradefisica.com\/rbf\/wp-content\/uploads\/2023\/01\/divulga-iii-cbf-768x768.png 768w, https:\/\/revistabrasileiradefisica.com\/rbf\/wp-content\/uploads\/2023\/01\/divulga-iii-cbf-400x400.png 400w, https:\/\/revistabrasileiradefisica.com\/rbf\/wp-content\/uploads\/2023\/01\/divulga-iii-cbf.png 1080w\" sizes=\"(max-width: 300px) 100vw, 300px\" \/><\/a>\n\t\t\t<\/div><\/figure>\n\t\t<\/div>\n\r\n<hr \/>\r\n<p>&nbsp;<\/p>\r\n<p><img decoding=\"async\" class=\"alignnone size-medium wp-image-1108\" src=\"https:\/\/revistabrasileiradefisica.com\/rbf\/wp-content\/uploads\/2023\/03\/eau-de-parfum1.png\" alt=\"\" \/><br><img decoding=\"async\" class=\"alignnone size-medium wp-image-1108\" src=\"https:\/\/revistabrasileiradefisica.com\/rbf\/wp-content\/uploads\/2023\/03\/eau-de-parfum2.png\" alt=\"\" \/><\/p>","protected":false},"excerpt":{"rendered":"<p>P\u00e1gina inicial | Edi\u00e7\u00f5es anterior | Cronograma | Inscri\u00e7\u00f5es | Resumos | Propostas de palestras | Organiza\u00e7\u00e3o | Ajude \u00e0 divulgar! Come\u00e7aram oficialmente os trabalhos [&#8230;]<\/p>\n","protected":false},"author":1,"featured_media":0,"parent":210,"menu_order":0,"comment_status":"closed","ping_status":"closed","template":"","meta":{"_mi_skip_tracking":false,"_monsterinsights_sitenote_active":false,"_monsterinsights_sitenote_note":"","_monsterinsights_sitenote_category":0},"_links":{"self":[{"href":"https:\/\/revistabrasileiradefisica.com\/rbf\/wp-json\/wp\/v2\/pages\/1076"}],"collection":[{"href":"https:\/\/revistabrasileiradefisica.com\/rbf\/wp-json\/wp\/v2\/pages"}],"about":[{"href":"https:\/\/revistabrasileiradefisica.com\/rbf\/wp-json\/wp\/v2\/types\/page"}],"author":[{"embeddable":true,"href":"https:\/\/revistabrasileiradefisica.com\/rbf\/wp-json\/wp\/v2\/users\/1"}],"replies":[{"embeddable":true,"href":"https:\/\/revistabrasileiradefisica.com\/rbf\/wp-json\/wp\/v2\/comments?post=1076"}],"version-history":[{"count":15,"href":"https:\/\/revistabrasileiradefisica.com\/rbf\/wp-json\/wp\/v2\/pages\/1076\/revisions"}],"predecessor-version":[{"id":1353,"href":"https:\/\/revistabrasileiradefisica.com\/rbf\/wp-json\/wp\/v2\/pages\/1076\/revisions\/1353"}],"up":[{"embeddable":true,"href":"https:\/\/revistabrasileiradefisica.com\/rbf\/wp-json\/wp\/v2\/pages\/210"}],"wp:attachment":[{"href":"https:\/\/revistabrasileiradefisica.com\/rbf\/wp-json\/wp\/v2\/media?parent=1076"}],"curies":[{"name":"wp","href":"https:\/\/api.w.org\/{rel}","templated":true}]}}