{"id":1056,"date":"2022-12-15T15:22:54","date_gmt":"2022-12-15T18:22:54","guid":{"rendered":"https:\/\/revistabrasileiradefisica.com\/rbf\/?page_id=1056"},"modified":"2022-12-15T15:22:54","modified_gmt":"2022-12-15T18:22:54","slug":"palestra-buracos-negros-uma-breve-introducao","status":"publish","type":"page","link":"https:\/\/revistabrasileiradefisica.com\/rbf\/palestra-buracos-negros-uma-breve-introducao\/","title":{"rendered":"Palestra Buracos Negros: uma breve introdu\u00e7\u00e3o"},"content":{"rendered":"<p class=\"has-small-font-size\"><img decoding=\"async\" loading=\"lazy\" class=\"alignnone size-medium wp-image-1057 aligncenter\" src=\"https:\/\/revistabrasileiradefisica.com\/rbf\/wp-content\/uploads\/2022\/12\/Foto-do-Ceu-Estrelado-Simpl-300x300.jpg\" alt=\"\" width=\"300\" height=\"300\" srcset=\"https:\/\/revistabrasileiradefisica.com\/rbf\/wp-content\/uploads\/2022\/12\/Foto-do-Ceu-Estrelado-Simpl-300x300.jpg 300w, https:\/\/revistabrasileiradefisica.com\/rbf\/wp-content\/uploads\/2022\/12\/Foto-do-Ceu-Estrelado-Simpl-1020x1024.jpg 1020w, https:\/\/revistabrasileiradefisica.com\/rbf\/wp-content\/uploads\/2022\/12\/Foto-do-Ceu-Estrelado-Simpl-150x150.jpg 150w, https:\/\/revistabrasileiradefisica.com\/rbf\/wp-content\/uploads\/2022\/12\/Foto-do-Ceu-Estrelado-Simpl-768x771.jpg 768w, https:\/\/revistabrasileiradefisica.com\/rbf\/wp-content\/uploads\/2022\/12\/Foto-do-Ceu-Estrelado-Simpl-1529x1536.jpg 1529w, https:\/\/revistabrasileiradefisica.com\/rbf\/wp-content\/uploads\/2022\/12\/Foto-do-Ceu-Estrelado-Simpl-400x400.jpg 400w, https:\/\/revistabrasileiradefisica.com\/rbf\/wp-content\/uploads\/2022\/12\/Foto-do-Ceu-Estrelado-Simpl.jpg 1587w\" sizes=\"(max-width: 300px) 100vw, 300px\" \/><\/p>\n<p class=\"has-small-font-size\">Falaremos sobre buracos negros, desde os prim\u00f3rdios at\u00e9 a atualidade. Com certificado expedido pela Revista Brasileira de F\u00edsica, com carga hor\u00e1ria estimada de 1h.<\/p>\n<p class=\"has-small-font-size\"><a href=\"https:\/\/mpago.la\/1nX9qMA\" target=\"_blank\" rel=\"noopener\">Clique aqui para adquirir o certificado<\/a>.<\/p>\n<p class=\"has-small-font-size\">Para acessar a palestra, clique <a href=\"https:\/\/www.youtube.com\/watch?v=O827OTqC8dw\" target=\"_blank\" rel=\"noopener\">aqui<\/a>.<\/p>\n<p>Palestrante: Tiago Floriano (<a href=\"http:\/\/lattes.cnpq.br\/5835989184892454\">Lattes<\/a>, <a href=\"https:\/\/revistabrasileiradefisica.com\/rbf\/tag\/tiago-cardoso-floriano\/\">publica\u00e7\u00f5es neste peri\u00f3dico<\/a>)<\/p>\n<p><img decoding=\"async\" loading=\"lazy\" class=\"alignnone size-medium wp-image-958 aligncenter\" src=\"https:\/\/revistabrasileiradefisica.com\/rbf\/wp-content\/uploads\/2022\/07\/palestrante-tiago-floriano-300x300.png\" alt=\"\" width=\"300\" height=\"300\" srcset=\"https:\/\/revistabrasileiradefisica.com\/rbf\/wp-content\/uploads\/2022\/07\/palestrante-tiago-floriano-300x300.png 300w, https:\/\/revistabrasileiradefisica.com\/rbf\/wp-content\/uploads\/2022\/07\/palestrante-tiago-floriano-1024x1024.png 1024w, https:\/\/revistabrasileiradefisica.com\/rbf\/wp-content\/uploads\/2022\/07\/palestrante-tiago-floriano-150x150.png 150w, https:\/\/revistabrasileiradefisica.com\/rbf\/wp-content\/uploads\/2022\/07\/palestrante-tiago-floriano-768x768.png 768w, https:\/\/revistabrasileiradefisica.com\/rbf\/wp-content\/uploads\/2022\/07\/palestrante-tiago-floriano-400x400.png 400w, https:\/\/revistabrasileiradefisica.com\/rbf\/wp-content\/uploads\/2022\/07\/palestrante-tiago-floriano.png 1080w\" sizes=\"(max-width: 300px) 100vw, 300px\" \/><\/p>\n","protected":false},"excerpt":{"rendered":"<p>Falaremos sobre buracos negros, desde os prim\u00f3rdios at\u00e9 a atualidade. Com certificado expedido pela Revista Brasileira de F\u00edsica, com carga hor\u00e1ria estimada de 1h. Clique [&#8230;]<\/p>\n","protected":false},"author":1,"featured_media":0,"parent":0,"menu_order":0,"comment_status":"closed","ping_status":"closed","template":"","meta":{"_mi_skip_tracking":false,"_monsterinsights_sitenote_active":false,"_monsterinsights_sitenote_note":"","_monsterinsights_sitenote_category":0},"_links":{"self":[{"href":"https:\/\/revistabrasileiradefisica.com\/rbf\/wp-json\/wp\/v2\/pages\/1056"}],"collection":[{"href":"https:\/\/revistabrasileiradefisica.com\/rbf\/wp-json\/wp\/v2\/pages"}],"about":[{"href":"https:\/\/revistabrasileiradefisica.com\/rbf\/wp-json\/wp\/v2\/types\/page"}],"author":[{"embeddable":true,"href":"https:\/\/revistabrasileiradefisica.com\/rbf\/wp-json\/wp\/v2\/users\/1"}],"replies":[{"embeddable":true,"href":"https:\/\/revistabrasileiradefisica.com\/rbf\/wp-json\/wp\/v2\/comments?post=1056"}],"version-history":[{"count":1,"href":"https:\/\/revistabrasileiradefisica.com\/rbf\/wp-json\/wp\/v2\/pages\/1056\/revisions"}],"predecessor-version":[{"id":1058,"href":"https:\/\/revistabrasileiradefisica.com\/rbf\/wp-json\/wp\/v2\/pages\/1056\/revisions\/1058"}],"wp:attachment":[{"href":"https:\/\/revistabrasileiradefisica.com\/rbf\/wp-json\/wp\/v2\/media?parent=1056"}],"curies":[{"name":"wp","href":"https:\/\/api.w.org\/{rel}","templated":true}]}}