{"id":1002,"date":"2022-09-13T16:45:37","date_gmt":"2022-09-13T19:45:37","guid":{"rendered":"https:\/\/revistabrasileiradefisica.com\/rbf\/?page_id=1002"},"modified":"2022-09-13T16:46:51","modified_gmt":"2022-09-13T19:46:51","slug":"asteroidhitchhiker","status":"publish","type":"page","link":"https:\/\/revistabrasileiradefisica.com\/rbf\/asteroidhitchhiker\/","title":{"rendered":"Asteroid Hitchhiker"},"content":{"rendered":"<p><img decoding=\"async\" loading=\"lazy\" class=\"aligncenter size-medium\" src=\"https:\/\/s3-sa-east-1.amazonaws.com\/cdn.br.catarse\/uploads\/redactor_rails\/picture\/data\/446986\/8ff3644c-03f7-41ba-8ece-e3b0b3a7eda5.png\" width=\"1334\" height=\"667\" \/><\/p>\n<h1>Justificativa<\/h1>\n<p>Em 2015 a NASA publicou um relat\u00f3rio acerca do poss\u00edvel uso da t\u00e9cnica de atracar equipamentos em cometas para poupar combust\u00edvel e viabilizar a explora\u00e7\u00e3o do sistema solar exterior.<\/p>\n<p>Um m\u00eas antes, a empresa Tethers Unlimited apresentou uma proposta de um equipamento semelhante ao proposto pela NASA, mas com o intuito de capturar e manejar objetos que estejam em rota de colis\u00e3o com sat\u00e9lites, esta\u00e7\u00f5es espaciais ou at\u00e9 mesmo, com o planeta.<\/p>\n<p>Enquanto a Ag\u00eancia Espacial Americana trabalha para levar astronautas \u00e0 Marte em 2033, a empresa SpaceX pretende iniciar a coloniza\u00e7\u00e3o do planeta vermelho a partir de 2029.<\/p>\n<p>Considerando que, em torno de 85% da estrutura de um foguete corresponde \u00e0 est\u00e1gios com combust\u00edvel;<br \/>\nConsiderando que, ao reduzir a necessidade de combust\u00edvel, se reduz, tamb\u00e9m, o tamanho da estrutura, e o investimento necess\u00e1rio para ambos;<br \/>\nConsiderando que, a curto prazo, o transito na rota entre a Terra e Marte ir\u00e1 se intensificar, visto o interesse, n\u00e3o apenas do setor p\u00fablico, mas tamb\u00e9m do setor privado.<br \/>\nO uso de asteroides para transportar cargas entre os dois planetas se mostra uma alternativa vi\u00e1vel, n\u00e3o apenas do ponto de vista t\u00e9cnico, mas tamb\u00e9m financeiro, possibilitando que, com a economia realizada, se possa realizar mais viagens ou investir em outras \u00e1reas.<\/p>\n<h1>Objetivo<\/h1>\n<p>Esta pesquisa tem por objetivo identificar asteroides que se aproximem n\u00e3o mais que 0.1 U. A. da Terra, que n\u00e3o ultrapassagem o Cintur\u00e3o de Asteroides (localizado logo ap\u00f3s a \u00f3rbita de Marte), e com massa suficiente para n\u00e3o sofrer altera\u00e7\u00f5es de \u00f3rbita pela atracagem ou pelo acr\u00e9scimo de massa do equipamento.<br \/>\nAo final ser\u00e1 produzido um software capaz de baixar os dados em tempo real do banco de dados Small Body Database, da NASA, e fornecer janelas de lan\u00e7amento e pouso, \u00f3rbitas, e possibilidades de multi-carona, considerando o planeta de origem e de destino. Este software ser\u00e1 aberto, acess\u00edvel via internet.<\/p>\n<p>Um outro software ser\u00e1 disponibilizado onde os asteroides ser\u00e3o pr\u00e9-categorizados e, ser\u00e1 poss\u00edvel sugerir recategoriza\u00e7\u00e3o com base em sua \u00f3rbita, engajando o grande p\u00fablico no projeto.<\/p>\n<p>Os resultados da pesquisa ser\u00e3o publicados na Revista Brasileira de F\u00edsica (ISSN 2763-9681, site www.revistabrasileiradefisica.com), que est\u00e1 apoiando a pesquisa, e em livro que j\u00e1 est\u00e1 sendo divulgado na loja da Amazon, sob o t\u00edtulo de Caminho das Pedras (www.amazon.com.br\/dp\/B0B4T9M3XX\/).<\/p>\n<p>Com as publica\u00e7\u00f5es e softwares, dispon\u00edveis inclusive para smartphones (a fim de popularizar o acesso), estar\u00e1 constitu\u00eddo um ecossistema autossustent\u00e1vel de longo prazo. A onde a comunidade cient\u00edfica e p\u00fablico em geral, atrav\u00e9s do software de categoriza\u00e7\u00e3o, poder\u00e3o refinar os dados (inclusive de novos asteroides, visto que o software far\u00e1 a atualiza\u00e7\u00e3o automaticamente) e, num futuro pr\u00f3ximo, utiliz\u00e1-los com o software que buscar\u00e1 as janelas de lan\u00e7amento para caronas.<\/p>\n<h1>Andamento<\/h1>\n<p>J\u00e1 foi desenvolvido um software, escrito em Python, capaz de acessar a base de dados Small Body Database, da NASA, consultar dentre os mais de 1,2 milh\u00f5es de objetos j\u00e1 descobertos, filtrar os objetos de interesse da pesquisa, e baix\u00e1-los para uma base de dados local, onde est\u00e3o sendo analisados.<\/p>\n<p>As an\u00e1lises iniciais possibilitaram compreender a estrutura das informa\u00e7\u00f5es dispon\u00edveis, identificar as possibilidades de uso e formular a metodologia de categoriza\u00e7\u00e3o dos objetos, que possibilitaram a cria\u00e7\u00e3o do algoritmo que ser\u00e1 utilizado no software categorizador. Os objetos ser\u00e3o classificados em 3 categorias e, para cada categoria, h\u00e1 3 subcategorias, de acordo com sua proximidade da Terra, inclina\u00e7\u00e3o de \u00f3rbita, massa, di\u00e2metro, e necessidade de ajustes para alcan\u00e7ar a \u00f3rbita da carona ou dos planetas.<\/p>\n<p>J\u00e1 se iniciou o desenvolvimento do software que trabalhar\u00e1 com a pr\u00e9-categoriza\u00e7\u00e3o dos objetos, e recategoriza\u00e7\u00e3o. Est\u00e1 sendo usado a linguagem de programa\u00e7\u00e3o PHP, com banco de dados MySQL, e o algoritmo formulado na fase anterior.<\/p>\n<p>Al\u00e9m da pr\u00e1tica da pesquisa e desenvolvimento de ferramentas, tanto para a pesquisa atual, quanto para sua continuidade ap\u00f3s a publica\u00e7\u00e3o dos resultados, tamb\u00e9m est\u00e1 sendo documentado todo o processo, que ser\u00e1 formatado e publicado em formato de livro, que j\u00e1 est\u00e1 em pr\u00e9-venda na loja da Amazon (www.amazon.com.br\/dp\/B0B4T9M3XX\/).<\/p>\n<h1>Visibilidade<\/h1>\n<p>A publica\u00e7\u00e3o do livro ocorrer\u00e1, inicialmente, nos idiomas portugu\u00eas e ingl\u00eas (a fim de alcan\u00e7ar um p\u00fablico maior), e j\u00e1 possui os devidos registros legais e divulga\u00e7\u00e3o. Os livros deste pesquisador est\u00e3o sempre no Top 100 da loja Amazon, estando o livro Uma Breve Introdu\u00e7\u00e3o aos Buracos Negros no Top 10 desde o seu lan\u00e7amento, em agosto de 2021.<\/p>\n<p>J\u00e1 para a comunidade cient\u00edfica, ser\u00e1 publicado artigo na Revista Brasileira de F\u00edsica, que \u00e9 o peri\u00f3dico cient\u00edfico de abrang\u00eancia nacional, que organiza anualmente o Congresso Brasileiro de F\u00edsica, recebendo trabalhos de pesquisadores do Brasil e de outros pa\u00edses, e que apoia esta pesquisa desde sua concep\u00e7\u00e3o. Publica\u00e7\u00f5es futuras relacionadas ao projeto inicial tamb\u00e9m ser\u00e3o submetidas, prioritariamente, para este peri\u00f3dico, que far\u00e1 ampla divulga\u00e7\u00e3o em seu site e redes sociais.<\/p>\n<p>Em junho de 2022 foi apresentado no II Congresso da \u00c1rea de Exatas os resultados preliminares da pesquisa:<\/p>\n<p><iframe loading=\"lazy\" title=\"O uso de asteroides no transporte de cargas da Terra para Marte\" width=\"800\" height=\"450\" src=\"https:\/\/www.youtube.com\/embed\/nJJT33ZtVlU?feature=oembed\" frameborder=\"0\" allow=\"accelerometer; autoplay; clipboard-write; encrypted-media; gyroscope; picture-in-picture\" allowfullscreen><\/iframe><\/p>\n<p>Em outubro ser\u00e1 apresentado os resultados finais no II Congresso Brasileiro de F\u00edsica.<\/p>\n<p>Um preprint contendo os resultados preliminares j\u00e1 foi publicado na Revista Brasileira de F\u00edsica (DOI 10.5281\/zenodo.7026421).<\/p>\n<p>Os c\u00f3digos-fonte dos softwares desenvolvidos no projeto est\u00e3o sendo disponibilizados no reposit\u00f3rio GitHub (github.com\/tiagofloriano\/asteroid-hitchiker\/), sob licen\u00e7a GPL v3 (software livre, de c\u00f3digo aberto), a fim de viabilizar a melhoria das ferramentas produzidas na pesquisa, e originar novas ferramentas.<\/p>\n<p>Como resultado da pesquisa, teremos ainda a produ\u00e7\u00e3o de um aplicativo para buscar caronas dentro de uma janela de lan\u00e7amento, bastando indicar o planeta de partida, o planeta de origem, o per\u00edodo desejado e, opcionalmente, a categoria do asteroide. Ser\u00e1 gratuito, e disponibilizado para dispositivos Android, e atrav\u00e9s de uma plataforma acess\u00edvel por qualquer dispositivo atrav\u00e9s de um navegador de internet.<\/p>\n<p>O mesmo ser\u00e1 feito com a plataforma destinada \u00e0 pr\u00e9-categorizar os asteroides. Tanto a comunidade cient\u00edfica quanto o p\u00fablico em geral poder\u00e1 acessar a plataforma, analisar os dados atualizados em tempo real com o banco de dados da NASA, e sugerir mudan\u00e7as de categorias, baseadas em informa\u00e7\u00f5es disponibilizadas na pr\u00f3pria plataforma.<\/p>\n<p>Com este formato, conhecido como Ci\u00eancia Cidad\u00e3, n\u00e3o apenas o projeto cresce e se desenvolve, como tamb\u00e9m \u00e9 difundido para milhares de pessoas. A pr\u00f3pria NASA possui um projeto neste formato para descoberta de novos asteroides.<\/p>\n","protected":false},"excerpt":{"rendered":"<p>Justificativa Em 2015 a NASA publicou um relat\u00f3rio acerca do poss\u00edvel uso da t\u00e9cnica de atracar equipamentos em cometas para poupar combust\u00edvel e viabilizar a [&#8230;]<\/p>\n","protected":false},"author":1,"featured_media":0,"parent":0,"menu_order":0,"comment_status":"closed","ping_status":"closed","template":"","meta":{"_mi_skip_tracking":false,"_monsterinsights_sitenote_active":false,"_monsterinsights_sitenote_note":"","_monsterinsights_sitenote_category":0},"_links":{"self":[{"href":"https:\/\/revistabrasileiradefisica.com\/rbf\/wp-json\/wp\/v2\/pages\/1002"}],"collection":[{"href":"https:\/\/revistabrasileiradefisica.com\/rbf\/wp-json\/wp\/v2\/pages"}],"about":[{"href":"https:\/\/revistabrasileiradefisica.com\/rbf\/wp-json\/wp\/v2\/types\/page"}],"author":[{"embeddable":true,"href":"https:\/\/revistabrasileiradefisica.com\/rbf\/wp-json\/wp\/v2\/users\/1"}],"replies":[{"embeddable":true,"href":"https:\/\/revistabrasileiradefisica.com\/rbf\/wp-json\/wp\/v2\/comments?post=1002"}],"version-history":[{"count":3,"href":"https:\/\/revistabrasileiradefisica.com\/rbf\/wp-json\/wp\/v2\/pages\/1002\/revisions"}],"predecessor-version":[{"id":1006,"href":"https:\/\/revistabrasileiradefisica.com\/rbf\/wp-json\/wp\/v2\/pages\/1002\/revisions\/1006"}],"wp:attachment":[{"href":"https:\/\/revistabrasileiradefisica.com\/rbf\/wp-json\/wp\/v2\/media?parent=1002"}],"curies":[{"name":"wp","href":"https:\/\/api.w.org\/{rel}","templated":true}]}}